{"id":17,"date":"2026-04-20T21:41:55","date_gmt":"2026-04-20T21:41:55","guid":{"rendered":"http:\/\/plocegateway.com.hr\/?page_id=17"},"modified":"2026-04-24T21:15:26","modified_gmt":"2026-04-24T21:15:26","slug":"naslovnica","status":"publish","type":"page","link":"https:\/\/plocegateway.com.hr\/","title":{"rendered":"Naslovnica"},"content":{"rendered":"\t\t<div data-elementor-type=\"wp-page\" data-elementor-id=\"17\" class=\"elementor elementor-17\">\n\t\t\t\t<div class=\"elementor-element elementor-element-41d81dd e-con-full e-flex e-con e-parent\" data-id=\"41d81dd\" data-element_type=\"container\" data-e-type=\"container\" data-settings=\"{&quot;background_background&quot;:&quot;classic&quot;}\">\n\t\t\t\t<div class=\"elementor-element elementor-element-ec28d2c elementor-widget elementor-widget-text-editor\" data-id=\"ec28d2c\" data-element_type=\"widget\" data-e-type=\"widget\" data-widget_type=\"text-editor.default\">\n\t\t\t\t\t\t\t\t\t<h5><span class=\"hero-tag\" style=\"color: #ffffff;\">Digitalna promocija turisti\u010dke ba\u0161tine grada Plo\u010da<\/span><\/h5>\t\t\t\t\t\t\t\t<\/div>\n\t\t\t\t<div class=\"elementor-element elementor-element-e1e9479 elementor-widget elementor-widget-text-editor\" data-id=\"e1e9479\" data-element_type=\"widget\" data-e-type=\"widget\" data-widget_type=\"text-editor.default\">\n\t\t\t\t\t\t\t\t\t<h1><span style=\"color: #ffffff;\">Otkrijte novu perspektivu turisti\u010dkih destinacija grada Plo\u010da<\/span><\/h1>\t\t\t\t\t\t\t\t<\/div>\n\t\t\t\t<div class=\"elementor-element elementor-element-1e5135d elementor-widget elementor-widget-text-editor\" data-id=\"1e5135d\" data-element_type=\"widget\" data-e-type=\"widget\" data-widget_type=\"text-editor.default\">\n\t\t\t\t\t\t\t\t\t<p><span style=\"color: #ffffff;\">Projekt \u201eInovativni pristup turisti\u010dkim destinacijama grada Plo\u010da\u201d usmjeren je na suvremenu prezentaciju prirodnih, kulturnih i do\u017eivljajnih vrijednosti grada kroz digitalne alate, interaktivne sadr\u017eaje i atraktivno korisni\u010dko iskustvo.<\/span><\/p>\t\t\t\t\t\t\t\t<\/div>\n\t\t\t\t<\/div>\n\t\t<div class=\"elementor-element elementor-element-1c78fe6 e-flex e-con-boxed e-con e-parent\" data-id=\"1c78fe6\" data-element_type=\"container\" data-e-type=\"container\">\n\t\t\t\t\t<div class=\"e-con-inner\">\n\t\t<div class=\"elementor-element elementor-element-e12aee0 e-con-full e-flex e-con e-child\" data-id=\"e12aee0\" data-element_type=\"container\" data-e-type=\"container\">\n\t\t\t\t<div class=\"elementor-element elementor-element-dcc8b31 elementor-widget elementor-widget-text-editor\" data-id=\"dcc8b31\" data-element_type=\"widget\" data-e-type=\"widget\" data-widget_type=\"text-editor.default\">\n\t\t\t\t\t\t\t\t\t<div class=\"hero-actions\"><a class=\"btn btn-primary\" href=\"file:\/\/\/C:\/Users\/STEM_B\/Desktop\/IPTDGP\/web\/index.html#destinacije\">Istra\u017ei destinacije<\/a><\/div>\t\t\t\t\t\t\t\t<\/div>\n\t\t\t\t<\/div>\n\t\t<div class=\"elementor-element elementor-element-d8c8e3b e-con-full e-flex e-con e-child\" data-id=\"d8c8e3b\" data-element_type=\"container\" data-e-type=\"container\">\n\t\t\t\t<div class=\"elementor-element elementor-element-d662117 elementor-widget elementor-widget-text-editor\" data-id=\"d662117\" data-element_type=\"widget\" data-e-type=\"widget\" data-widget_type=\"text-editor.default\">\n\t\t\t\t\t\t\t\t\t<div class=\"hero-actions\"><a class=\"btn btn-primary\" href=\"file:\/\/\/C:\/Users\/STEM_B\/Desktop\/IPTDGP\/web\/index.html#destinacije\">Saznaj vi\u0161e o projektu&#8230;<\/a><\/div>\t\t\t\t\t\t\t\t<\/div>\n\t\t\t\t<\/div>\n\t\t\t\t\t<\/div>\n\t\t\t\t<\/div>\n\t\t<div class=\"elementor-element elementor-element-4afe063 e-flex e-con-boxed e-con e-parent\" data-id=\"4afe063\" data-element_type=\"container\" data-e-type=\"container\">\n\t\t\t\t\t<div class=\"e-con-inner\">\n\t\t\t\t\t<\/div>\n\t\t\t\t<\/div>\n\t\t<div class=\"elementor-element elementor-element-737fc9f e-grid e-con-boxed e-con e-parent\" data-id=\"737fc9f\" data-element_type=\"container\" data-e-type=\"container\">\n\t\t\t\t\t<div class=\"e-con-inner\">\n\t\t\t\t<div class=\"elementor-element elementor-element-f827907 elementor-widget elementor-widget-text-editor\" data-id=\"f827907\" data-element_type=\"widget\" data-e-type=\"widget\" data-widget_type=\"text-editor.default\">\n\t\t\t\t\t\t\t\t\t<h3 class=\"section-title\" style=\"text-align: center;\">O projektu<\/h3><p class=\"section-subtitle\">Ova web platforma razvija se kao sredi\u0161nje mjesto za predstavljanje turisti\u010dkih vrijednosti grada Plo\u010da, s naglaskom na bolju vidljivost lokalnih atrakcija, lak\u0161u dostupnost informacija i moderniji pristup promociji destinacije.<\/p><ul class=\"highlight-list\"><li>digitalna prezentacija turisti\u010dkih lokacija i sadr\u017eaja<\/li><li>interaktivna karta i pregled destinacija po kategorijama<\/li><li>ja\u010danje prepoznatljivosti grada Plo\u010da kao turisti\u010dke destinacije<\/li><li>povezivanje lokalne zajednice, posjetitelja i projektnih partnera<\/li><\/ul>\t\t\t\t\t\t\t\t<\/div>\n\t\t\t\t<div class=\"elementor-element elementor-element-da50f19 elementor-widget elementor-widget-text-editor\" data-id=\"da50f19\" data-element_type=\"widget\" data-e-type=\"widget\" data-widget_type=\"text-editor.default\">\n\t\t\t\t\t\t\t\t\t<h3 style=\"text-align: center;\">Osnovne informacije<\/h3><p><strong>Naziv projekta:<\/strong><br \/>Inovativni pristup turisti\u010dkim destinacijama grada Plo\u010da<\/p><p><strong>Podru\u010dje:<\/strong><br \/>Grad Plo\u010de i okolne destinacije<\/p><p><strong>Fokus:<\/strong><br \/>turizam, digitalizacija, promocija destinacije<\/p><p><strong>Status:<\/strong><br \/>u izradi \/ priprema sadr\u017eaja<\/p>\t\t\t\t\t\t\t\t<\/div>\n\t\t\t\t<div class=\"elementor-element elementor-element-97655d8 elementor-widget elementor-widget-text-editor\" data-id=\"97655d8\" data-element_type=\"widget\" data-e-type=\"widget\" data-widget_type=\"text-editor.default\">\n\t\t\t\t\t\t\t\t\t<h3 class=\"section-title\" style=\"text-align: center;\">Kontakt<\/h3><p class=\"section-subtitle\">Za dodatne informacije o projektu, suradnji ili turisti\u010dkoj ponudi grada Plo\u010da, javite nam se putem kontakt podataka ili obrasca.<\/p><ul class=\"contact-list\"><li><strong>Adresa:<\/strong> Grad Plo\u010de \/ ured projekta<\/li><li><strong>E-mail:<\/strong> info@plocegateway.hr<\/li><li><strong>Telefon:<\/strong> +385 (0)20 000 000<\/li><li><strong>Radno vrijeme:<\/strong> Pon\u2013Pet, 08:00\u201316:00<\/li><\/ul>\t\t\t\t\t\t\t\t<\/div>\n\t\t\t\t<div class=\"elementor-element elementor-element-f2d8c67 elementor-widget elementor-widget-image\" data-id=\"f2d8c67\" data-element_type=\"widget\" data-e-type=\"widget\" data-widget_type=\"image.default\">\n\t\t\t\t\t\t\t\t\t\t\t\t\t\t\t<img fetchpriority=\"high\" decoding=\"async\" width=\"1024\" height=\"683\" src=\"https:\/\/plocegateway.com.hr\/wp-content\/uploads\/2026\/04\/logo_nositelj-1-1024x683.png\" class=\"attachment-large size-large wp-image-650\" alt=\"\" srcset=\"https:\/\/plocegateway.com.hr\/wp-content\/uploads\/2026\/04\/logo_nositelj-1-1024x683.png 1024w, https:\/\/plocegateway.com.hr\/wp-content\/uploads\/2026\/04\/logo_nositelj-1-300x200.png 300w, https:\/\/plocegateway.com.hr\/wp-content\/uploads\/2026\/04\/logo_nositelj-1-768x512.png 768w, https:\/\/plocegateway.com.hr\/wp-content\/uploads\/2026\/04\/logo_nositelj-1.png 1536w\" sizes=\"(max-width: 1024px) 100vw, 1024px\" \/>\t\t\t\t\t\t\t\t\t\t\t\t\t\t\t<\/div>\n\t\t\t\t<div class=\"elementor-element elementor-element-4bfb6b9 elementor-widget elementor-widget-text-editor\" data-id=\"4bfb6b9\" data-element_type=\"widget\" data-e-type=\"widget\" data-widget_type=\"text-editor.default\">\n\t\t\t\t\t\t\t\t\t<h5 style=\"text-align: center;\"><strong>LOGO NOSITELJA<\/strong><\/h5>\t\t\t\t\t\t\t\t<\/div>\n\t\t\t\t<div class=\"elementor-element elementor-element-b254dce elementor-widget elementor-widget-text-editor\" data-id=\"b254dce\" data-element_type=\"widget\" data-e-type=\"widget\" data-widget_type=\"text-editor.default\">\n\t\t\t\t\t\t\t\t\t<h5 style=\"text-align: center;\"><strong>LOGO PARTNERA<\/strong><\/h5>\t\t\t\t\t\t\t\t<\/div>\n\t\t\t\t\t<\/div>\n\t\t\t\t<\/div>\n\t\t<div class=\"elementor-element elementor-element-2bd4c5f e-flex e-con-boxed e-con e-parent\" data-id=\"2bd4c5f\" data-element_type=\"container\" data-e-type=\"container\">\n\t\t\t\t\t<div class=\"e-con-inner\">\n\t\t\t\t\t<\/div>\n\t\t\t\t<\/div>\n\t\t\t\t<\/div>\n\t\t","protected":false},"excerpt":{"rendered":"<p>Digitalna promocija turisti\u010dke ba\u0161tine grada Plo\u010da Otkrijte novu perspektivu turisti\u010dkih destinacija grada Plo\u010da Projekt \u201eInovativni pristup turisti\u010dkim destinacijama grada Plo\u010da\u201d [&hellip;]<\/p>\n","protected":false},"author":1,"featured_media":0,"parent":0,"menu_order":0,"comment_status":"closed","ping_status":"closed","template":"","meta":{"site-sidebar-layout":"no-sidebar","site-content-layout":"","ast-site-content-layout":"full-width-container","site-content-style":"default","site-sidebar-style":"default","ast-global-header-display":"","ast-banner-title-visibility":"","ast-main-header-display":"","ast-hfb-above-header-display":"","ast-hfb-below-header-display":"","ast-hfb-mobile-header-display":"","site-post-title":"disabled","ast-breadcrumbs-content":"","ast-featured-img":"disabled","footer-sml-layout":"","ast-disable-related-posts":"","theme-transparent-header-meta":"","adv-header-id-meta":"","stick-header-meta":"","header-above-stick-meta":"","header-main-stick-meta":"","header-below-stick-meta":"","astra-migrate-meta-layouts":"default","ast-page-background-enabled":"default","ast-page-background-meta":{"desktop":{"background-color":"var(--ast-global-color-5)","background-image":"","background-repeat":"repeat","background-position":"center center","background-size":"auto","background-attachment":"scroll","background-type":"","background-media":"","overlay-type":"","overlay-color":"","overlay-opacity":"","overlay-gradient":""},"tablet":{"background-color":"","background-image":"","background-repeat":"repeat","background-position":"center center","background-size":"auto","background-attachment":"scroll","background-type":"","background-media":"","overlay-type":"","overlay-color":"","overlay-opacity":"","overlay-gradient":""},"mobile":{"background-color":"","background-image":"","background-repeat":"repeat","background-position":"center center","background-size":"auto","background-attachment":"scroll","background-type":"","background-media":"","overlay-type":"","overlay-color":"","overlay-opacity":"","overlay-gradient":""}},"ast-content-background-meta":{"desktop":{"background-color":"var(--ast-global-color-4)","background-image":"","background-repeat":"repeat","background-position":"center center","background-size":"auto","background-attachment":"scroll","background-type":"","background-media":"","overlay-type":"","overlay-color":"","overlay-opacity":"","overlay-gradient":""},"tablet":{"background-color":"var(--ast-global-color-4)","background-image":"","background-repeat":"repeat","background-position":"center center","background-size":"auto","background-attachment":"scroll","background-type":"","background-media":"","overlay-type":"","overlay-color":"","overlay-opacity":"","overlay-gradient":""},"mobile":{"background-color":"var(--ast-global-color-4)","background-image":"","background-repeat":"repeat","background-position":"center center","background-size":"auto","background-attachment":"scroll","background-type":"","background-media":"","overlay-type":"","overlay-color":"","overlay-opacity":"","overlay-gradient":""}},"footnotes":""},"class_list":["post-17","page","type-page","status-publish","hentry"],"_links":{"self":[{"href":"https:\/\/plocegateway.com.hr\/index.php?rest_route=\/wp\/v2\/pages\/17","targetHints":{"allow":["GET"]}}],"collection":[{"href":"https:\/\/plocegateway.com.hr\/index.php?rest_route=\/wp\/v2\/pages"}],"about":[{"href":"https:\/\/plocegateway.com.hr\/index.php?rest_route=\/wp\/v2\/types\/page"}],"author":[{"embeddable":true,"href":"https:\/\/plocegateway.com.hr\/index.php?rest_route=\/wp\/v2\/users\/1"}],"replies":[{"embeddable":true,"href":"https:\/\/plocegateway.com.hr\/index.php?rest_route=%2Fwp%2Fv2%2Fcomments&post=17"}],"version-history":[{"count":302,"href":"https:\/\/plocegateway.com.hr\/index.php?rest_route=\/wp\/v2\/pages\/17\/revisions"}],"predecessor-version":[{"id":653,"href":"https:\/\/plocegateway.com.hr\/index.php?rest_route=\/wp\/v2\/pages\/17\/revisions\/653"}],"wp:attachment":[{"href":"https:\/\/plocegateway.com.hr\/index.php?rest_route=%2Fwp%2Fv2%2Fmedia&parent=17"}],"curies":[{"name":"wp","href":"https:\/\/api.w.org\/{rel}","templated":true}]}}