{"id":234,"date":"2026-04-23T09:40:20","date_gmt":"2026-04-23T09:40:20","guid":{"rendered":"https:\/\/plocegateway.com.hr\/?page_id=234"},"modified":"2026-04-23T09:45:17","modified_gmt":"2026-04-23T09:45:17","slug":"usce-neretve","status":"publish","type":"page","link":"https:\/\/plocegateway.com.hr\/?page_id=234","title":{"rendered":"U\u0161\u0107e Neretve"},"content":{"rendered":"\t\t<div data-elementor-type=\"wp-page\" data-elementor-id=\"234\" class=\"elementor elementor-234\">\n\t\t\t\t<div class=\"elementor-element elementor-element-035c500 e-flex e-con-boxed e-con e-parent\" data-id=\"035c500\" data-element_type=\"container\" data-e-type=\"container\">\n\t\t\t\t\t<div class=\"e-con-inner\">\n\t\t\t\t<div class=\"elementor-element elementor-element-1738332 elementor-widget elementor-widget-text-editor\" data-id=\"1738332\" data-element_type=\"widget\" data-e-type=\"widget\" data-widget_type=\"text-editor.default\">\n\t\t\t\t\t\t\t\t\t<p>U\u0160\u0106E NERETVE<\/p><p>U\u0161\u0107e Neretve jedno je od najposebnijih prirodnih podru\u010dja na hrvatskoj obali. Ovdje se mo\u0107na, hladna Neretva, koja i usred ljeta ostaje iznena\u0111uju\u0107e svje\u017ea, susre\u0107e s Jadranskim morem, stvaraju\u0107i krajolik koji odu\u0161evljava svojom raznoliko\u0161\u0107u i \u017eivopisnim bojama. Ovo podru\u010dje poznato je po prostranim mo\u010dvarama, pje\u0161\u010danim sprudovima i bogatoj flori i fauni, \u0161to ga \u010dini idealnim mjestom za sve ljubitelje prirode.<\/p><p>U\u0161\u0107e je posebno omiljeno me\u0111u zaljubljenicima u kitesurfing. Zahvaljuju\u0107i stalnim vjetrovima i plitkim lagunama, ovo je jedno od najboljih mjesta u Hrvatskoj za ovaj adrenalinski sport. I po\u010detnici i iskusni kitesurferi ovdje pronalaze savr\u0161ene uvjete za u\u017eivanje na vodi.<\/p><p>Dolina Neretve poznata je i po svojim nasadima mandarina, koji se prostiru uz rijeku i daju cijelom podru\u010dju prepoznatljiv miris i izgled. Tijekom jeseni, kada mandarine dozrijevaju, krajolik poprima posebno toplu i \u017eivu atmosferu.<\/p><p>Za ljubitelje ptica, u\u0161\u0107e je pravi mali raj. Ovdje se mo\u017ee promatrati velik broj vrsta, uklju\u010duju\u0107i i brkatu sjenicu \u2013 rijetku i iznimno zanimljivu pticu koja obitava u tr\u0161\u0107acima ovog mo\u010dvarnog podru\u010dja.<\/p>\t\t\t\t\t\t\t\t<\/div>\n\t\t\t\t\t<\/div>\n\t\t\t\t<\/div>\n\t\t\t\t<\/div>\n\t\t","protected":false},"excerpt":{"rendered":"<p>U\u0160\u0106E NERETVE U\u0161\u0107e Neretve jedno je od najposebnijih prirodnih podru\u010dja na hrvatskoj obali. Ovdje se mo\u0107na, hladna Neretva, koja i [&hellip;]<\/p>\n","protected":false},"author":1,"featured_media":0,"parent":0,"menu_order":0,"comment_status":"closed","ping_status":"closed","template":"","meta":{"site-sidebar-layout":"no-sidebar","site-content-layout":"","ast-site-content-layout":"full-width-container","site-content-style":"default","site-sidebar-style":"default","ast-global-header-display":"","ast-banner-title-visibility":"","ast-main-header-display":"","ast-hfb-above-header-display":"","ast-hfb-below-header-display":"","ast-hfb-mobile-header-display":"","site-post-title":"disabled","ast-breadcrumbs-content":"","ast-featured-img":"disabled","footer-sml-layout":"","ast-disable-related-posts":"","theme-transparent-header-meta":"","adv-header-id-meta":"","stick-header-meta":"","header-above-stick-meta":"","header-main-stick-meta":"","header-below-stick-meta":"","astra-migrate-meta-layouts":"default","ast-page-background-enabled":"default","ast-page-background-meta":{"desktop":{"background-color":"var(--ast-global-color-5)","background-image":"","background-repeat":"repeat","background-position":"center center","background-size":"auto","background-attachment":"scroll","background-type":"","background-media":"","overlay-type":"","overlay-color":"","overlay-opacity":"","overlay-gradient":""},"tablet":{"background-color":"","background-image":"","background-repeat":"repeat","background-position":"center center","background-size":"auto","background-attachment":"scroll","background-type":"","background-media":"","overlay-type":"","overlay-color":"","overlay-opacity":"","overlay-gradient":""},"mobile":{"background-color":"","background-image":"","background-repeat":"repeat","background-position":"center center","background-size":"auto","background-attachment":"scroll","background-type":"","background-media":"","overlay-type":"","overlay-color":"","overlay-opacity":"","overlay-gradient":""}},"ast-content-background-meta":{"desktop":{"background-color":"var(--ast-global-color-4)","background-image":"","background-repeat":"repeat","background-position":"center center","background-size":"auto","background-attachment":"scroll","background-type":"","background-media":"","overlay-type":"","overlay-color":"","overlay-opacity":"","overlay-gradient":""},"tablet":{"background-color":"var(--ast-global-color-4)","background-image":"","background-repeat":"repeat","background-position":"center center","background-size":"auto","background-attachment":"scroll","background-type":"","background-media":"","overlay-type":"","overlay-color":"","overlay-opacity":"","overlay-gradient":""},"mobile":{"background-color":"var(--ast-global-color-4)","background-image":"","background-repeat":"repeat","background-position":"center center","background-size":"auto","background-attachment":"scroll","background-type":"","background-media":"","overlay-type":"","overlay-color":"","overlay-opacity":"","overlay-gradient":""}},"footnotes":""},"class_list":["post-234","page","type-page","status-publish","hentry"],"_links":{"self":[{"href":"https:\/\/plocegateway.com.hr\/index.php?rest_route=\/wp\/v2\/pages\/234","targetHints":{"allow":["GET"]}}],"collection":[{"href":"https:\/\/plocegateway.com.hr\/index.php?rest_route=\/wp\/v2\/pages"}],"about":[{"href":"https:\/\/plocegateway.com.hr\/index.php?rest_route=\/wp\/v2\/types\/page"}],"author":[{"embeddable":true,"href":"https:\/\/plocegateway.com.hr\/index.php?rest_route=\/wp\/v2\/users\/1"}],"replies":[{"embeddable":true,"href":"https:\/\/plocegateway.com.hr\/index.php?rest_route=%2Fwp%2Fv2%2Fcomments&post=234"}],"version-history":[{"count":6,"href":"https:\/\/plocegateway.com.hr\/index.php?rest_route=\/wp\/v2\/pages\/234\/revisions"}],"predecessor-version":[{"id":242,"href":"https:\/\/plocegateway.com.hr\/index.php?rest_route=\/wp\/v2\/pages\/234\/revisions\/242"}],"wp:attachment":[{"href":"https:\/\/plocegateway.com.hr\/index.php?rest_route=%2Fwp%2Fv2%2Fmedia&parent=234"}],"curies":[{"name":"wp","href":"https:\/\/api.w.org\/{rel}","templated":true}]}}