{"id":429,"date":"2026-04-23T19:32:07","date_gmt":"2026-04-23T19:32:07","guid":{"rendered":"https:\/\/plocegateway.com.hr\/?page_id=429"},"modified":"2026-04-23T20:37:04","modified_gmt":"2026-04-23T20:37:04","slug":"bacinska-jezera","status":"publish","type":"page","link":"https:\/\/plocegateway.com.hr\/?page_id=429","title":{"rendered":"Ba\u0107inska jezera"},"content":{"rendered":"\t\t<div data-elementor-type=\"wp-page\" data-elementor-id=\"429\" class=\"elementor elementor-429\">\n\t\t\t\t<div class=\"elementor-element elementor-element-9ffe688 e-grid e-con-boxed e-con e-parent\" data-id=\"9ffe688\" data-element_type=\"container\" data-e-type=\"container\">\n\t\t\t\t\t<div class=\"e-con-inner\">\n\t\t\t\t<div class=\"elementor-element elementor-element-75d7f43 elementor-widget elementor-widget-text-editor\" data-id=\"75d7f43\" data-element_type=\"widget\" data-e-type=\"widget\" data-widget_type=\"text-editor.default\">\n\t\t\t\t\t\t\t\t\t<p><strong>Ba\u0107inska jezera<\/strong><\/p><p>Na prijelazu izme\u0111u mora i kr\u0161a, okru\u017eena ti\u0161inom i mediteranskim krajolikom, Ba\u0107inska jezera otkrivaju jedan od najposebnijih prirodnih prizora juga Hrvatske.<\/p><p>Ovaj kr\u0161ki sustav \u010dine jezera O\u0107u\u0161a, Crni\u0161evo, Podgora, Sladinac, Vrbnik, \u0160ipak i Plitko jezero. Posebnost Ba\u0107inskih jezera jest to \u0161to su kriptodepresija \u2013 \u0161to zna\u010di da se dno jezera nalazi ispod razine mora, dok je povr\u0161ina vode iznad nje. Upravo zbog takve geolo\u0161ke gra\u0111e voda u jezerima je mje\u0161avina slatke i bo\u0107ate, a podzemni kanali koji ih povezuju s morem i Neretvom stvaraju raznolike nijanse boja koje se mijenjaju od smaragdno zelene do duboko plave.<\/p>\t\t\t\t\t\t\t\t<\/div>\n\t\t\t\t\t\t\t\n\t\t<img class=\"e-image-base \" \n\t\t\t\t\tdata-interaction-id=\"154c22e\" \n\t\t \n\t\t \n\t\t\t\t\t\t\t\t\tid=\"447\"\n\t\t\t\t\t\t\t\t\t\t\t\tsrc=\"https:\/\/plocegateway.com.hr\/wp-content\/uploads\/2026\/04\/bacina_002.jpg\"\n\t\t\t\t\t\t\t\t\t\t\t\twidth=\"1600\"\n\t\t\t\t\t\t\t\t\t\t\t\theight=\"1200\"\n\t\t\t\t\t\t\t\t\t\t\t\tsrcset=\"https:\/\/plocegateway.com.hr\/wp-content\/uploads\/2026\/04\/bacina_002.jpg 1600w, https:\/\/plocegateway.com.hr\/wp-content\/uploads\/2026\/04\/bacina_002-300x225.jpg 300w, https:\/\/plocegateway.com.hr\/wp-content\/uploads\/2026\/04\/bacina_002-1024x768.jpg 1024w, https:\/\/plocegateway.com.hr\/wp-content\/uploads\/2026\/04\/bacina_002-768x576.jpg 768w, https:\/\/plocegateway.com.hr\/wp-content\/uploads\/2026\/04\/bacina_002-1536x1152.jpg 1536w\"\n\t\t\t\t\t\t\t\t\t\t\t\talt=\"\"\n\t\t\t\t\t\t\/>\n\t\t\t\t\t\t\t\t\n\t\t<img class=\"e-image-base \" \n\t\t\t\t\tdata-interaction-id=\"adc14bd\" \n\t\t \n\t\t \n\t\t\t\t\t\t\t\t\tid=\"450\"\n\t\t\t\t\t\t\t\t\t\t\t\tsrc=\"https:\/\/plocegateway.com.hr\/wp-content\/uploads\/2026\/04\/bacina_001-1.jpg\"\n\t\t\t\t\t\t\t\t\t\t\t\twidth=\"1600\"\n\t\t\t\t\t\t\t\t\t\t\t\theight=\"1200\"\n\t\t\t\t\t\t\t\t\t\t\t\tsrcset=\"https:\/\/plocegateway.com.hr\/wp-content\/uploads\/2026\/04\/bacina_001-1.jpg 1600w, https:\/\/plocegateway.com.hr\/wp-content\/uploads\/2026\/04\/bacina_001-1-300x225.jpg 300w, https:\/\/plocegateway.com.hr\/wp-content\/uploads\/2026\/04\/bacina_001-1-1024x768.jpg 1024w, https:\/\/plocegateway.com.hr\/wp-content\/uploads\/2026\/04\/bacina_001-1-768x576.jpg 768w, https:\/\/plocegateway.com.hr\/wp-content\/uploads\/2026\/04\/bacina_001-1-1536x1152.jpg 1536w\"\n\t\t\t\t\t\t\t\t\t\t\t\talt=\"\"\n\t\t\t\t\t\t\/>\n\t\t\t\t\t<div class=\"elementor-element elementor-element-0a47162 elementor-widget elementor-widget-text-editor\" data-id=\"0a47162\" data-element_type=\"widget\" data-e-type=\"widget\" data-widget_type=\"text-editor.default\">\n\t\t\t\t\t\t\t\t\t<p>Njihov osebujan sjaj povezuje se i s legendom o ilirskoj kraljici Teuti. Prema predaji, kraljica je tijekom plovidbe jezerima nosila ogrlicu od dragocjenih bisera, dar svoga supruga Agrona. Iznenadna oluja prevrnula je \u010damac, ogrlica je pukla, a biseri su potonuli na dno. Mje\u0161tani vjeruju da je svaki od sedam bisera postao jedno jezero, pa se Ba\u0107inska jezera i danas nazivaju biserima kraljice Teute.<\/p><p>Jezera su danas omiljena destinacija za posjetitelje koji tra\u017ee spoj prirodnih ljepota i aktivnosti na otvorenom.<\/p><p>Mirna povr\u0161ina idealna je za paddle surf, paddleboard, kajakarenje i vo\u017enju tradicionalnom neretvanskom la\u0111om, dok ure\u0111ene staze oko jezera privla\u010de \u0161eta\u010de i bicikliste. Ljubitelji prirode mogu u\u017eivati u promatranju ptica i fotografiranju, a ljeti jezera nude mirno mjesto za kupanje daleko od turisti\u010dkih gu\u017evi.<\/p><p>Ovaj jedinstveni krajolik poziva svakoga da zastane i osjeti \u010dar dalmatinske prirode u njezinu naj\u010di\u0161\u0107em obliku. Ba\u0107inska jezera zato nisu samo destinacija, ve\u0107 iskustvo koje ostaje u srcu.<\/p>\t\t\t\t\t\t\t\t<\/div>\n\t\t\t\t\t<\/div>\n\t\t\t\t<\/div>\n\t\t\t\t<\/div>\n\t\t","protected":false},"excerpt":{"rendered":"<p>Ba\u0107inska jezera Na prijelazu izme\u0111u mora i kr\u0161a, okru\u017eena ti\u0161inom i mediteranskim krajolikom, Ba\u0107inska jezera otkrivaju jedan od najposebnijih prirodnih [&hellip;]<\/p>\n","protected":false},"author":1,"featured_media":0,"parent":0,"menu_order":0,"comment_status":"closed","ping_status":"closed","template":"","meta":{"site-sidebar-layout":"no-sidebar","site-content-layout":"","ast-site-content-layout":"full-width-container","site-content-style":"default","site-sidebar-style":"default","ast-global-header-display":"","ast-banner-title-visibility":"","ast-main-header-display":"","ast-hfb-above-header-display":"","ast-hfb-below-header-display":"","ast-hfb-mobile-header-display":"","site-post-title":"disabled","ast-breadcrumbs-content":"","ast-featured-img":"disabled","footer-sml-layout":"","ast-disable-related-posts":"","theme-transparent-header-meta":"","adv-header-id-meta":"","stick-header-meta":"","header-above-stick-meta":"","header-main-stick-meta":"","header-below-stick-meta":"","astra-migrate-meta-layouts":"default","ast-page-background-enabled":"default","ast-page-background-meta":{"desktop":{"background-color":"var(--ast-global-color-5)","background-image":"","background-repeat":"repeat","background-position":"center center","background-size":"auto","background-attachment":"scroll","background-type":"","background-media":"","overlay-type":"","overlay-color":"","overlay-opacity":"","overlay-gradient":""},"tablet":{"background-color":"","background-image":"","background-repeat":"repeat","background-position":"center center","background-size":"auto","background-attachment":"scroll","background-type":"","background-media":"","overlay-type":"","overlay-color":"","overlay-opacity":"","overlay-gradient":""},"mobile":{"background-color":"","background-image":"","background-repeat":"repeat","background-position":"center center","background-size":"auto","background-attachment":"scroll","background-type":"","background-media":"","overlay-type":"","overlay-color":"","overlay-opacity":"","overlay-gradient":""}},"ast-content-background-meta":{"desktop":{"background-color":"var(--ast-global-color-4)","background-image":"","background-repeat":"repeat","background-position":"center center","background-size":"auto","background-attachment":"scroll","background-type":"","background-media":"","overlay-type":"","overlay-color":"","overlay-opacity":"","overlay-gradient":""},"tablet":{"background-color":"var(--ast-global-color-4)","background-image":"","background-repeat":"repeat","background-position":"center center","background-size":"auto","background-attachment":"scroll","background-type":"","background-media":"","overlay-type":"","overlay-color":"","overlay-opacity":"","overlay-gradient":""},"mobile":{"background-color":"var(--ast-global-color-4)","background-image":"","background-repeat":"repeat","background-position":"center center","background-size":"auto","background-attachment":"scroll","background-type":"","background-media":"","overlay-type":"","overlay-color":"","overlay-opacity":"","overlay-gradient":""}},"footnotes":""},"class_list":["post-429","page","type-page","status-publish","hentry"],"_links":{"self":[{"href":"https:\/\/plocegateway.com.hr\/index.php?rest_route=\/wp\/v2\/pages\/429","targetHints":{"allow":["GET"]}}],"collection":[{"href":"https:\/\/plocegateway.com.hr\/index.php?rest_route=\/wp\/v2\/pages"}],"about":[{"href":"https:\/\/plocegateway.com.hr\/index.php?rest_route=\/wp\/v2\/types\/page"}],"author":[{"embeddable":true,"href":"https:\/\/plocegateway.com.hr\/index.php?rest_route=\/wp\/v2\/users\/1"}],"replies":[{"embeddable":true,"href":"https:\/\/plocegateway.com.hr\/index.php?rest_route=%2Fwp%2Fv2%2Fcomments&post=429"}],"version-history":[{"count":13,"href":"https:\/\/plocegateway.com.hr\/index.php?rest_route=\/wp\/v2\/pages\/429\/revisions"}],"predecessor-version":[{"id":465,"href":"https:\/\/plocegateway.com.hr\/index.php?rest_route=\/wp\/v2\/pages\/429\/revisions\/465"}],"wp:attachment":[{"href":"https:\/\/plocegateway.com.hr\/index.php?rest_route=%2Fwp%2Fv2%2Fmedia&parent=429"}],"curies":[{"name":"wp","href":"https:\/\/api.w.org\/{rel}","templated":true}]}}