{"id":811,"date":"2026-04-27T20:07:37","date_gmt":"2026-04-27T20:07:37","guid":{"rendered":"https:\/\/plocegateway.com.hr\/?page_id=811"},"modified":"2026-04-27T20:26:12","modified_gmt":"2026-04-27T20:26:12","slug":"arheoloski-park-kod-kule","status":"publish","type":"page","link":"https:\/\/plocegateway.com.hr\/?page_id=811","title":{"rendered":"Arheolo\u0161ki park \u201eKod Kule\u201c"},"content":{"rendered":"\t\t<div data-elementor-type=\"wp-page\" data-elementor-id=\"811\" class=\"elementor elementor-811\">\n\t\t\t\t<div class=\"elementor-element elementor-element-9f08086 e-flex e-con-boxed e-con e-parent\" data-id=\"9f08086\" data-element_type=\"container\" data-e-type=\"container\">\n\t\t\t\t\t<div class=\"e-con-inner\">\n\t\t\t\t<div class=\"elementor-element elementor-element-c04dd51 elementor-widget elementor-widget-text-editor\" data-id=\"c04dd51\" data-element_type=\"widget\" data-e-type=\"widget\" data-widget_type=\"text-editor.default\">\n\t\t\t\t\t\t\t\t\t<h4><strong>Arheolo\u0161ki park \u201eKod Kule\u201c <\/strong><\/h4><p><strong>Ste\u0107ci, srednjovjekovni kameni nadgrobni spomenici, poznati i pod nazivom bilizi, kami (kamenovi), mramorovi, podizani su od XII. do XVI. st.<\/strong><\/p><p>Neposredno prije izgradnje autoceste A1, na posljednjoj dionici Vrgorac \u2013 Plo\u010de, provedena su za\u0161titna arheolo\u0161ka istra\u017eivanja i u Isto\u010dnoj Plini tijekom 2007.\/08. godine. U te dvije godine \u010detrdesetak ste\u0107aka je maknuto sa \u0161est izvornih lokaliteta preko kojih danas prolazi autocesta. Sve maknute skupine ste\u0107aka nalazile su se u Isto\u010dnoj Plini na \u201ein-situ\u201c mjestima (od juga prema sjeveru):\u00a0 <strong>Mi\u0161ja Draga, Dra\u010devac, Granica, Gari\u0161te, oko Eraka i Kr\u010d Eraci<\/strong>. Sve skupina ste\u0107aka (osim Kr\u010d Eraci) bile su smje\u0161tene na prapovijesnim kamenim gomilama (tumulima) pa su s njima, isprekidanom to\u010dkastom linijom, povezane na prilo\u017eenoj karti. Nakon \u0161to su skupine ste\u0107aka maknute s gomila, svoj privremeni i neprikladni smje\u0161taj na\u0161le su na te\u017ee dostupnom terenu iza \u017eupne crkve Pline &#8211; Uznesenja Bla\u017eene Djevice Marije na Obli\u010devcu, gdje su ostale sve do 2024. godine.\u00a0\u00a0<\/p><p>\u017dupa Plina i nevladina udruga Obli\u010devac su, nakon dvije godine upornog i predanog rada, u srijedu 5. lipnja 2024. godine, uz dozvolu Konzervatorskog odjela u Imotskom, kona\u010dno smjestile prona\u0111ena 33 ste\u0107ka na mnogo prikladniji i dostupniji lokalitet ispred stare \u017dupne ku\u0107e Pline i kapele svetog Pa\u0161kala \u201eKod Kule\u201c.\u00a0<\/p><p>Arheolo\u0161ki park \u201eKod Kule\u201c iz vi\u0161e razloga je odabran kao mjesto kona\u010dnog smje\u0161taja ste\u0107aka. Osim \u0161to je lako dostupan vozilima i iznimno pristupa\u010dan pje\u0161acima, lokalitet \u201eKod Kule\u201c od pamtivijeka je predstavljao dru\u0161tveni, kulturni, vjerski i obrazovni centar Pline.\u00a0 Na njemu se nalazi i stara \u017dupna ku\u0107a, a pored nje i kapela svetog Pa\u0161kala koju je 1759. godine sagradio \u017eupnik fra Ante Rozi\u0107. To\u010dno na polovici puta izme\u0111u dviju plinjanskih crkvi (druga je crkva svetog Ivana Krstitelja u Zapadnoj Plini) nalazi se \u017eupna ku\u0107a. Tu je neko\u0107 bila kula, \u010diji se svodovi i danas mogu vidjeti. Zato se i danas ka\u017ee &#8220;Kod Kule&#8221;, \u0161to zna\u010di kod \u017dupne ku\u0107e. Predaja ka\u017ee da je to neko\u0107 bila turska kula.<\/p>\t\t\t\t\t\t\t\t<\/div>\n\t\t\t\t\t<\/div>\n\t\t\t\t<\/div>\n\t\t<div class=\"elementor-element elementor-element-45a2982d e-flex e-con-boxed e-con e-parent\" data-id=\"45a2982d\" data-element_type=\"container\" data-e-type=\"container\">\n\t\t\t\t\t<div class=\"e-con-inner\">\n\t\t<div class=\"elementor-element elementor-element-4c4b51e6 e-con-full e-flex e-con e-child\" data-id=\"4c4b51e6\" data-element_type=\"container\" data-e-type=\"container\">\n\t\t\t\t<div class=\"elementor-element elementor-element-6da3299c elementor-widget elementor-widget-image\" data-id=\"6da3299c\" data-element_type=\"widget\" data-e-type=\"widget\" data-widget_type=\"image.default\">\n\t\t\t\t\t\t\t\t\t\t\t\t\t\t\t<img fetchpriority=\"high\" decoding=\"async\" width=\"1024\" height=\"1024\" src=\"https:\/\/plocegateway.com.hr\/wp-content\/uploads\/2026\/04\/ploce_logo-1024x1024.png\" class=\"attachment-large size-large wp-image-787\" alt=\"\" srcset=\"https:\/\/plocegateway.com.hr\/wp-content\/uploads\/2026\/04\/ploce_logo-1024x1024.png 1024w, https:\/\/plocegateway.com.hr\/wp-content\/uploads\/2026\/04\/ploce_logo-300x300.png 300w, https:\/\/plocegateway.com.hr\/wp-content\/uploads\/2026\/04\/ploce_logo-150x150.png 150w, https:\/\/plocegateway.com.hr\/wp-content\/uploads\/2026\/04\/ploce_logo-768x768.png 768w, https:\/\/plocegateway.com.hr\/wp-content\/uploads\/2026\/04\/ploce_logo.png 1254w\" sizes=\"(max-width: 1024px) 100vw, 1024px\" \/>\t\t\t\t\t\t\t\t\t\t\t\t\t\t\t<\/div>\n\t\t\t\t<div class=\"elementor-element elementor-element-a32ed4e elementor-widget elementor-widget-text-editor\" data-id=\"a32ed4e\" data-element_type=\"widget\" data-e-type=\"widget\" data-widget_type=\"text-editor.default\">\n\t\t\t\t\t\t\t\t\t<h5 style=\"text-align: center;\">Lokalna ba\u0161tina i identitet<\/h5><p style=\"text-align: left;\">Predstavljanje kulturnih vrijednosti, lokalne tradicije, \u017eivota uz luku i povezanosti grada s prostorom delte.<\/p>\t\t\t\t\t\t\t\t<\/div>\n\t\t\t\t<\/div>\n\t\t<div class=\"elementor-element elementor-element-2c63f4f9 e-con-full e-flex e-con e-child\" data-id=\"2c63f4f9\" data-element_type=\"container\" data-e-type=\"container\">\n\t\t\t\t<div class=\"elementor-element elementor-element-56568406 elementor-widget elementor-widget-image\" data-id=\"56568406\" data-element_type=\"widget\" data-e-type=\"widget\" data-widget_type=\"image.default\">\n\t\t\t\t\t\t\t\t\t\t\t\t\t\t\t<img decoding=\"async\" width=\"1024\" height=\"1024\" src=\"https:\/\/plocegateway.com.hr\/wp-content\/uploads\/2026\/04\/bacina_logo-1024x1024.png\" class=\"attachment-large size-large wp-image-780\" alt=\"\" srcset=\"https:\/\/plocegateway.com.hr\/wp-content\/uploads\/2026\/04\/bacina_logo-1024x1024.png 1024w, https:\/\/plocegateway.com.hr\/wp-content\/uploads\/2026\/04\/bacina_logo-300x300.png 300w, https:\/\/plocegateway.com.hr\/wp-content\/uploads\/2026\/04\/bacina_logo-150x150.png 150w, https:\/\/plocegateway.com.hr\/wp-content\/uploads\/2026\/04\/bacina_logo-768x768.png 768w, https:\/\/plocegateway.com.hr\/wp-content\/uploads\/2026\/04\/bacina_logo.png 1254w\" sizes=\"(max-width: 1024px) 100vw, 1024px\" \/>\t\t\t\t\t\t\t\t\t\t\t\t\t\t\t<\/div>\n\t\t\t\t<div class=\"elementor-element elementor-element-29fdf0bb elementor-widget elementor-widget-text-editor\" data-id=\"29fdf0bb\" data-element_type=\"widget\" data-e-type=\"widget\" data-widget_type=\"text-editor.default\">\n\t\t\t\t\t\t\t\t\t<h5 style=\"text-align: center;\">Ba\u0107inska jezera<\/h5><p>Jedna od najprepoznatljivijih prirodnih atrakcija podru\u010dja, pogodna za odmor, rekreaciju i do\u017eivljaj netaknute prirode.<\/p>\t\t\t\t\t\t\t\t<\/div>\n\t\t\t\t<\/div>\n\t\t<div class=\"elementor-element elementor-element-625ae76e e-con-full e-flex e-con e-child\" data-id=\"625ae76e\" data-element_type=\"container\" data-e-type=\"container\">\n\t\t\t\t<div class=\"elementor-element elementor-element-1f047fee elementor-widget elementor-widget-image\" data-id=\"1f047fee\" data-element_type=\"widget\" data-e-type=\"widget\" data-widget_type=\"image.default\">\n\t\t\t\t\t\t\t\t\t\t\t\t\t\t\t<img decoding=\"async\" width=\"1024\" height=\"1024\" src=\"https:\/\/plocegateway.com.hr\/wp-content\/uploads\/2026\/04\/trovro_logo-1024x1024.png\" class=\"attachment-large size-large wp-image-792\" alt=\"\" srcset=\"https:\/\/plocegateway.com.hr\/wp-content\/uploads\/2026\/04\/trovro_logo-1024x1024.png 1024w, https:\/\/plocegateway.com.hr\/wp-content\/uploads\/2026\/04\/trovro_logo-300x300.png 300w, https:\/\/plocegateway.com.hr\/wp-content\/uploads\/2026\/04\/trovro_logo-150x150.png 150w, https:\/\/plocegateway.com.hr\/wp-content\/uploads\/2026\/04\/trovro_logo-768x768.png 768w, https:\/\/plocegateway.com.hr\/wp-content\/uploads\/2026\/04\/trovro_logo.png 1254w\" sizes=\"(max-width: 1024px) 100vw, 1024px\" \/>\t\t\t\t\t\t\t\t\t\t\t\t\t\t\t<\/div>\n\t\t\t\t<div class=\"elementor-element elementor-element-b4bff4b elementor-widget elementor-widget-text-editor\" data-id=\"b4bff4b\" data-element_type=\"widget\" data-e-type=\"widget\" data-widget_type=\"text-editor.default\">\n\t\t\t\t\t\t\t\t\t<h5 style=\"text-align: center;\">Outdoor do\u017eivljaji<\/h5><p>Biciklizam, \u0161etnice, panoramske to\u010dke i sadr\u017eaji za posjetitelje koji \u017eele aktivno istra\u017eivati podru\u010dje grada Plo\u010da.<\/p>\t\t\t\t\t\t\t\t<\/div>\n\t\t\t\t<\/div>\n\t\t\t\t\t<\/div>\n\t\t\t\t<\/div>\n\t\t<div class=\"elementor-element elementor-element-757ba6bc e-grid e-con-boxed e-con e-parent\" data-id=\"757ba6bc\" data-element_type=\"container\" data-e-type=\"container\">\n\t\t\t\t\t<div class=\"e-con-inner\">\n\t\t\t\t<div class=\"elementor-element elementor-element-1dcbc833 elementor-widget elementor-widget-text-editor\" data-id=\"1dcbc833\" data-element_type=\"widget\" data-e-type=\"widget\" data-widget_type=\"text-editor.default\">\n\t\t\t\t\t\t\t\t\t<h3 class=\"section-title\" style=\"text-align: center;\">O projektu<\/h3><p class=\"section-subtitle\">Ova web platforma razvija se kao sredi\u0161nje mjesto za predstavljanje turisti\u010dkih vrijednosti grada Plo\u010da, s naglaskom na bolju vidljivost lokalnih atrakcija, lak\u0161u dostupnost informacija i moderniji pristup promociji destinacije.<\/p><ul class=\"highlight-list\"><li>digitalna prezentacija turisti\u010dkih lokacija i sadr\u017eaja<\/li><li>interaktivna karta i pregled destinacija po kategorijama<\/li><li>ja\u010danje prepoznatljivosti grada Plo\u010da kao turisti\u010dke destinacije<\/li><li>povezivanje lokalne zajednice, posjetitelja i projektnih partnera<\/li><\/ul>\t\t\t\t\t\t\t\t<\/div>\n\t\t\t\t<div class=\"elementor-element elementor-element-72df932c elementor-widget elementor-widget-text-editor\" data-id=\"72df932c\" data-element_type=\"widget\" data-e-type=\"widget\" data-widget_type=\"text-editor.default\">\n\t\t\t\t\t\t\t\t\t<h3 style=\"text-align: center;\">Osnovne informacije<\/h3><p><strong>Naziv projekta:<\/strong><br \/>Inovativni pristup turisti\u010dkim destinacijama grada Plo\u010da<\/p><p><strong>Podru\u010dje:<\/strong><br \/>Grad Plo\u010de i okolne destinacije<\/p><p><strong>Fokus:<\/strong><br \/>turizam, digitalizacija, promocija destinacije<\/p><p><strong>Status:<\/strong><br \/>u izradi \/ priprema sadr\u017eaja<\/p>\t\t\t\t\t\t\t\t<\/div>\n\t\t\t\t<div class=\"elementor-element elementor-element-47db3666 elementor-widget elementor-widget-text-editor\" data-id=\"47db3666\" data-element_type=\"widget\" data-e-type=\"widget\" data-widget_type=\"text-editor.default\">\n\t\t\t\t\t\t\t\t\t<h3 class=\"section-title\" style=\"text-align: center;\">Kontakt<\/h3><p class=\"section-subtitle\">Za dodatne informacije o projektu, suradnji ili turisti\u010dkoj ponudi grada Plo\u010da, javite nam se putem kontakt podataka ili obrasca.<\/p><ul class=\"contact-list\"><li><strong>Adresa:<\/strong> Tina Ujevi\u0107a 5 20340 Plo\u010de \/ ured projekta<\/li><li><strong>E-mail:<\/strong> <a href=\"mailto:info@plocegateway.com.hr\" target=\"_blank\" rel=\"noopener\">info@plocegateway.com.hr<\/a><\/li><li><strong>Telefon:<\/strong> +385 (0)20 679 139<\/li><\/ul>\t\t\t\t\t\t\t\t<\/div>\n\t\t\t\t<div class=\"elementor-element elementor-element-33bb22d2 elementor-widget elementor-widget-image\" data-id=\"33bb22d2\" data-element_type=\"widget\" data-e-type=\"widget\" data-widget_type=\"image.default\">\n\t\t\t\t\t\t\t\t\t\t\t\t\t\t\t<img loading=\"lazy\" decoding=\"async\" width=\"1024\" height=\"683\" src=\"https:\/\/plocegateway.com.hr\/wp-content\/uploads\/2026\/04\/logo_nositelj-1-1024x683.png\" class=\"attachment-large size-large wp-image-650\" alt=\"\" srcset=\"https:\/\/plocegateway.com.hr\/wp-content\/uploads\/2026\/04\/logo_nositelj-1-1024x683.png 1024w, https:\/\/plocegateway.com.hr\/wp-content\/uploads\/2026\/04\/logo_nositelj-1-300x200.png 300w, https:\/\/plocegateway.com.hr\/wp-content\/uploads\/2026\/04\/logo_nositelj-1-768x512.png 768w, https:\/\/plocegateway.com.hr\/wp-content\/uploads\/2026\/04\/logo_nositelj-1.png 1536w\" sizes=\"(max-width: 1024px) 100vw, 1024px\" \/>\t\t\t\t\t\t\t\t\t\t\t\t\t\t\t<\/div>\n\t\t\t\t<div class=\"elementor-element elementor-element-26452fef elementor-widget elementor-widget-text-editor\" data-id=\"26452fef\" data-element_type=\"widget\" data-e-type=\"widget\" data-widget_type=\"text-editor.default\">\n\t\t\t\t\t\t\t\t\t<h5 style=\"text-align: center;\"><strong>LOGO NOSITELJA<\/strong><\/h5>\t\t\t\t\t\t\t\t<\/div>\n\t\t\t\t<div class=\"elementor-element elementor-element-4dc45fbd elementor-widget elementor-widget-text-editor\" data-id=\"4dc45fbd\" data-element_type=\"widget\" data-e-type=\"widget\" data-widget_type=\"text-editor.default\">\n\t\t\t\t\t\t\t\t\t<h5 style=\"text-align: center;\"><strong>LOGO PARTNERA<\/strong><\/h5>\t\t\t\t\t\t\t\t<\/div>\n\t\t\t\t\t<\/div>\n\t\t\t\t<\/div>\n\t\t\t\t<\/div>\n\t\t","protected":false},"excerpt":{"rendered":"<p>Arheolo\u0161ki park \u201eKod Kule\u201c Ste\u0107ci, srednjovjekovni kameni nadgrobni spomenici, poznati i pod nazivom bilizi, kami (kamenovi), mramorovi, podizani su od [&hellip;]<\/p>\n","protected":false},"author":1,"featured_media":0,"parent":0,"menu_order":0,"comment_status":"closed","ping_status":"closed","template":"","meta":{"site-sidebar-layout":"no-sidebar","site-content-layout":"","ast-site-content-layout":"full-width-container","site-content-style":"default","site-sidebar-style":"default","ast-global-header-display":"","ast-banner-title-visibility":"","ast-main-header-display":"","ast-hfb-above-header-display":"","ast-hfb-below-header-display":"","ast-hfb-mobile-header-display":"","site-post-title":"disabled","ast-breadcrumbs-content":"","ast-featured-img":"disabled","footer-sml-layout":"","ast-disable-related-posts":"","theme-transparent-header-meta":"","adv-header-id-meta":"","stick-header-meta":"","header-above-stick-meta":"","header-main-stick-meta":"","header-below-stick-meta":"","astra-migrate-meta-layouts":"default","ast-page-background-enabled":"default","ast-page-background-meta":{"desktop":{"background-color":"var(--ast-global-color-5)","background-image":"","background-repeat":"repeat","background-position":"center center","background-size":"auto","background-attachment":"scroll","background-type":"","background-media":"","overlay-type":"","overlay-color":"","overlay-opacity":"","overlay-gradient":""},"tablet":{"background-color":"","background-image":"","background-repeat":"repeat","background-position":"center center","background-size":"auto","background-attachment":"scroll","background-type":"","background-media":"","overlay-type":"","overlay-color":"","overlay-opacity":"","overlay-gradient":""},"mobile":{"background-color":"","background-image":"","background-repeat":"repeat","background-position":"center center","background-size":"auto","background-attachment":"scroll","background-type":"","background-media":"","overlay-type":"","overlay-color":"","overlay-opacity":"","overlay-gradient":""}},"ast-content-background-meta":{"desktop":{"background-color":"var(--ast-global-color-4)","background-image":"","background-repeat":"repeat","background-position":"center center","background-size":"auto","background-attachment":"scroll","background-type":"","background-media":"","overlay-type":"","overlay-color":"","overlay-opacity":"","overlay-gradient":""},"tablet":{"background-color":"var(--ast-global-color-4)","background-image":"","background-repeat":"repeat","background-position":"center center","background-size":"auto","background-attachment":"scroll","background-type":"","background-media":"","overlay-type":"","overlay-color":"","overlay-opacity":"","overlay-gradient":""},"mobile":{"background-color":"var(--ast-global-color-4)","background-image":"","background-repeat":"repeat","background-position":"center center","background-size":"auto","background-attachment":"scroll","background-type":"","background-media":"","overlay-type":"","overlay-color":"","overlay-opacity":"","overlay-gradient":""}},"footnotes":""},"class_list":["post-811","page","type-page","status-publish","hentry"],"yoast_head":"<!-- This site is optimized with the Yoast SEO plugin v27.5 - https:\/\/yoast.com\/product\/yoast-seo-wordpress\/ -->\n<title>Arheolo\u0161ki park \u201eKod Kule\u201c - plocegateway.com.hr<\/title>\n<meta name=\"robots\" content=\"index, follow, max-snippet:-1, max-image-preview:large, max-video-preview:-1\" \/>\n<link rel=\"canonical\" href=\"https:\/\/plocegateway.com.hr\/?page_id=811\" \/>\n<meta property=\"og:locale\" content=\"hr_HR\" \/>\n<meta property=\"og:type\" content=\"article\" \/>\n<meta property=\"og:title\" content=\"Arheolo\u0161ki park \u201eKod Kule\u201c - plocegateway.com.hr\" \/>\n<meta property=\"og:description\" content=\"Arheolo\u0161ki park \u201eKod Kule\u201c Ste\u0107ci, srednjovjekovni kameni nadgrobni spomenici, poznati i pod nazivom bilizi, kami (kamenovi), mramorovi, podizani su od [&hellip;]\" \/>\n<meta property=\"og:url\" content=\"https:\/\/plocegateway.com.hr\/?page_id=811\" \/>\n<meta property=\"og:site_name\" content=\"plocegateway.com.hr\" \/>\n<meta property=\"article:modified_time\" content=\"2026-04-27T20:26:12+00:00\" \/>\n<meta property=\"og:image\" content=\"https:\/\/plocegateway.com.hr\/wp-content\/uploads\/2026\/04\/ploce_logo-1024x1024.png\" \/>\n\t<meta property=\"og:image:width\" content=\"1024\" \/>\n\t<meta property=\"og:image:height\" content=\"1024\" \/>\n\t<meta property=\"og:image:type\" content=\"image\/png\" \/>\n<meta name=\"twitter:card\" content=\"summary_large_image\" \/>\n<meta name=\"twitter:label1\" content=\"Procijenjeno vrijeme \u010ditanja\" \/>\n\t<meta name=\"twitter:data1\" content=\"3 minute\" \/>\n<script type=\"application\/ld+json\" class=\"yoast-schema-graph\">{\"@context\":\"https:\\\/\\\/schema.org\",\"@graph\":[{\"@type\":\"WebPage\",\"@id\":\"https:\\\/\\\/plocegateway.com.hr\\\/?page_id=811\",\"url\":\"https:\\\/\\\/plocegateway.com.hr\\\/?page_id=811\",\"name\":\"Arheolo\u0161ki park \u201eKod Kule\u201c - plocegateway.com.hr\",\"isPartOf\":{\"@id\":\"https:\\\/\\\/plocegateway.com.hr\\\/#website\"},\"primaryImageOfPage\":{\"@id\":\"https:\\\/\\\/plocegateway.com.hr\\\/?page_id=811#primaryimage\"},\"image\":{\"@id\":\"https:\\\/\\\/plocegateway.com.hr\\\/?page_id=811#primaryimage\"},\"thumbnailUrl\":\"http:\\\/\\\/plocegateway.com.hr\\\/wp-content\\\/uploads\\\/2026\\\/04\\\/ploce_logo-1024x1024.png\",\"datePublished\":\"2026-04-27T20:07:37+00:00\",\"dateModified\":\"2026-04-27T20:26:12+00:00\",\"breadcrumb\":{\"@id\":\"https:\\\/\\\/plocegateway.com.hr\\\/?page_id=811#breadcrumb\"},\"inLanguage\":\"hr\",\"potentialAction\":[{\"@type\":\"ReadAction\",\"target\":[\"https:\\\/\\\/plocegateway.com.hr\\\/?page_id=811\"]}]},{\"@type\":\"ImageObject\",\"inLanguage\":\"hr\",\"@id\":\"https:\\\/\\\/plocegateway.com.hr\\\/?page_id=811#primaryimage\",\"url\":\"https:\\\/\\\/plocegateway.com.hr\\\/wp-content\\\/uploads\\\/2026\\\/04\\\/ploce_logo.png\",\"contentUrl\":\"https:\\\/\\\/plocegateway.com.hr\\\/wp-content\\\/uploads\\\/2026\\\/04\\\/ploce_logo.png\",\"width\":1254,\"height\":1254},{\"@type\":\"BreadcrumbList\",\"@id\":\"https:\\\/\\\/plocegateway.com.hr\\\/?page_id=811#breadcrumb\",\"itemListElement\":[{\"@type\":\"ListItem\",\"position\":1,\"name\":\"Po\u010detna stranica\",\"item\":\"https:\\\/\\\/plocegateway.com.hr\\\/\"},{\"@type\":\"ListItem\",\"position\":2,\"name\":\"Arheolo\u0161ki park \u201eKod Kule\u201c\"}]},{\"@type\":\"WebSite\",\"@id\":\"https:\\\/\\\/plocegateway.com.hr\\\/#website\",\"url\":\"https:\\\/\\\/plocegateway.com.hr\\\/\",\"name\":\"plocegateway.com.hr\",\"description\":\"Vrata doline Neretve\",\"potentialAction\":[{\"@type\":\"SearchAction\",\"target\":{\"@type\":\"EntryPoint\",\"urlTemplate\":\"https:\\\/\\\/plocegateway.com.hr\\\/?s={search_term_string}\"},\"query-input\":{\"@type\":\"PropertyValueSpecification\",\"valueRequired\":true,\"valueName\":\"search_term_string\"}}],\"inLanguage\":\"hr\"}]}<\/script>\n<!-- \/ Yoast SEO plugin. -->","yoast_head_json":{"title":"Arheolo\u0161ki park \u201eKod Kule\u201c - plocegateway.com.hr","robots":{"index":"index","follow":"follow","max-snippet":"max-snippet:-1","max-image-preview":"max-image-preview:large","max-video-preview":"max-video-preview:-1"},"canonical":"https:\/\/plocegateway.com.hr\/?page_id=811","og_locale":"hr_HR","og_type":"article","og_title":"Arheolo\u0161ki park \u201eKod Kule\u201c - plocegateway.com.hr","og_description":"Arheolo\u0161ki park \u201eKod Kule\u201c Ste\u0107ci, srednjovjekovni kameni nadgrobni spomenici, poznati i pod nazivom bilizi, kami (kamenovi), mramorovi, podizani su od [&hellip;]","og_url":"https:\/\/plocegateway.com.hr\/?page_id=811","og_site_name":"plocegateway.com.hr","article_modified_time":"2026-04-27T20:26:12+00:00","og_image":[{"width":1024,"height":1024,"url":"https:\/\/plocegateway.com.hr\/wp-content\/uploads\/2026\/04\/ploce_logo-1024x1024.png","type":"image\/png"}],"twitter_card":"summary_large_image","twitter_misc":{"Procijenjeno vrijeme \u010ditanja":"3 minute"},"schema":{"@context":"https:\/\/schema.org","@graph":[{"@type":"WebPage","@id":"https:\/\/plocegateway.com.hr\/?page_id=811","url":"https:\/\/plocegateway.com.hr\/?page_id=811","name":"Arheolo\u0161ki park \u201eKod Kule\u201c - plocegateway.com.hr","isPartOf":{"@id":"https:\/\/plocegateway.com.hr\/#website"},"primaryImageOfPage":{"@id":"https:\/\/plocegateway.com.hr\/?page_id=811#primaryimage"},"image":{"@id":"https:\/\/plocegateway.com.hr\/?page_id=811#primaryimage"},"thumbnailUrl":"http:\/\/plocegateway.com.hr\/wp-content\/uploads\/2026\/04\/ploce_logo-1024x1024.png","datePublished":"2026-04-27T20:07:37+00:00","dateModified":"2026-04-27T20:26:12+00:00","breadcrumb":{"@id":"https:\/\/plocegateway.com.hr\/?page_id=811#breadcrumb"},"inLanguage":"hr","potentialAction":[{"@type":"ReadAction","target":["https:\/\/plocegateway.com.hr\/?page_id=811"]}]},{"@type":"ImageObject","inLanguage":"hr","@id":"https:\/\/plocegateway.com.hr\/?page_id=811#primaryimage","url":"https:\/\/plocegateway.com.hr\/wp-content\/uploads\/2026\/04\/ploce_logo.png","contentUrl":"https:\/\/plocegateway.com.hr\/wp-content\/uploads\/2026\/04\/ploce_logo.png","width":1254,"height":1254},{"@type":"BreadcrumbList","@id":"https:\/\/plocegateway.com.hr\/?page_id=811#breadcrumb","itemListElement":[{"@type":"ListItem","position":1,"name":"Po\u010detna stranica","item":"https:\/\/plocegateway.com.hr\/"},{"@type":"ListItem","position":2,"name":"Arheolo\u0161ki park \u201eKod Kule\u201c"}]},{"@type":"WebSite","@id":"https:\/\/plocegateway.com.hr\/#website","url":"https:\/\/plocegateway.com.hr\/","name":"plocegateway.com.hr","description":"Vrata doline Neretve","potentialAction":[{"@type":"SearchAction","target":{"@type":"EntryPoint","urlTemplate":"https:\/\/plocegateway.com.hr\/?s={search_term_string}"},"query-input":{"@type":"PropertyValueSpecification","valueRequired":true,"valueName":"search_term_string"}}],"inLanguage":"hr"}]}},"_links":{"self":[{"href":"https:\/\/plocegateway.com.hr\/index.php?rest_route=\/wp\/v2\/pages\/811","targetHints":{"allow":["GET"]}}],"collection":[{"href":"https:\/\/plocegateway.com.hr\/index.php?rest_route=\/wp\/v2\/pages"}],"about":[{"href":"https:\/\/plocegateway.com.hr\/index.php?rest_route=\/wp\/v2\/types\/page"}],"author":[{"embeddable":true,"href":"https:\/\/plocegateway.com.hr\/index.php?rest_route=\/wp\/v2\/users\/1"}],"replies":[{"embeddable":true,"href":"https:\/\/plocegateway.com.hr\/index.php?rest_route=%2Fwp%2Fv2%2Fcomments&post=811"}],"version-history":[{"count":7,"href":"https:\/\/plocegateway.com.hr\/index.php?rest_route=\/wp\/v2\/pages\/811\/revisions"}],"predecessor-version":[{"id":838,"href":"https:\/\/plocegateway.com.hr\/index.php?rest_route=\/wp\/v2\/pages\/811\/revisions\/838"}],"wp:attachment":[{"href":"https:\/\/plocegateway.com.hr\/index.php?rest_route=%2Fwp%2Fv2%2Fmedia&parent=811"}],"curies":[{"name":"wp","href":"https:\/\/api.w.org\/{rel}","templated":true}]}}