{"id":813,"date":"2026-04-27T20:09:14","date_gmt":"2026-04-27T20:09:14","guid":{"rendered":"https:\/\/plocegateway.com.hr\/?page_id=813"},"modified":"2026-04-27T20:27:45","modified_gmt":"2026-04-27T20:27:45","slug":"archaeological-park-kod-kule","status":"publish","type":"page","link":"https:\/\/plocegateway.com.hr\/?page_id=813&lang=en","title":{"rendered":"Archaeological Park \u201cKod Kule\u201d"},"content":{"rendered":"\t\t<div data-elementor-type=\"wp-page\" data-elementor-id=\"813\" class=\"elementor elementor-813\">\n\t\t\t\t<div class=\"elementor-element elementor-element-02bd0ea e-flex e-con-boxed e-con e-parent\" data-id=\"02bd0ea\" data-element_type=\"container\" data-e-type=\"container\">\n\t\t\t\t\t<div class=\"e-con-inner\">\n\t\t\t\t<div class=\"elementor-element elementor-element-0e5c420 elementor-widget elementor-widget-text-editor\" data-id=\"0e5c420\" data-element_type=\"widget\" data-e-type=\"widget\" data-widget_type=\"text-editor.default\">\n\t\t\t\t\t\t\t\t\t<h3><span class=\"HwtZe\" lang=\"en\"><span class=\"jCAhz ChMk0b\"><span class=\"ryNqvb\">Archaeological Park &#8220;Kod Kula&#8221; <\/span><\/span><\/span><\/h3><p><strong><span class=\"HwtZe\" lang=\"en\"><span class=\"jCAhz ChMk0b\"><span class=\"ryNqvb\">Ste\u0107ci, medieval stone tombstones, also known as bilizi, kami (stones), marbles, were erected from the 12th to the 16th century.<\/span><\/span> <\/span><\/strong><\/p><p><span class=\"HwtZe\" lang=\"en\"><span class=\"jCAhz ChMk0b\"><span class=\"ryNqvb\">Just before the construction of the A1 motorway, on the last section Vrgorac &#8211; Plo\u010de, protective archaeological research was also carried out in Isto\u010dna Plina during 2007\/08.<\/span><\/span> <span class=\"jCAhz ChMk0b\"><span class=\"ryNqvb\">In those two years, about forty ste\u0107ci were removed from six original sites through which the motorway passes today.<\/span><\/span> <span class=\"jCAhz ChMk0b\"><span class=\"ryNqvb\">All the removed ste\u0107ci groups were located in Isto\u010dna Plina at &#8220;in-situ&#8221; locations (from south to north): Mi\u0161ja Draga, Dra\u010devac, Granica, Gari\u0161te, around Eraka and Kr\u010d Eraci.<\/span><\/span> <\/span><\/p><p><span class=\"HwtZe\" lang=\"en\"><span class=\"jCAhz ChMk0b\"><span class=\"ryNqvb\">All ste\u0107ci groups (except Kr\u010d Eraci) were located on prehistoric stone mounds (tumuli) and are connected to them on the attached map with a dotted line.<\/span><\/span> <span class=\"jCAhz ChMk0b\"><span class=\"ryNqvb\">After the groups of ste\u0107ak tombstones were removed from the piles, they found their temporary and unsuitable location on the difficult-to-access terrain behind the parish church of Plina &#8211; the Assumption of the Blessed Virgin Mary in Obli\u010devac, where they remained until 2024. <\/span><\/span><\/span><\/p><p><span class=\"HwtZe\" lang=\"en\"><span class=\"jCAhz ChMk0b\"><span class=\"ryNqvb\">After two years of persistent and dedicated work, on Wednesday, June 5, 2024, the Parish of Plina and the non-governmental organization Obli\u010devac finally placed the found 33 ste\u0107ak tombstones on a much more suitable and accessible location in front of the old Parish House of Plina and the Chapel of Saint Pascal &#8220;Kod Kula&#8221;.<\/span><\/span><span class=\"jCAhz ChMk0b\"><span class=\"ryNqvb\"> The archaeological park &#8220;Kod Kula&#8221; was chosen as the place of final placement of the ste\u0107ak tombstones for several reasons.<\/span><\/span> <span class=\"jCAhz ChMk0b\"><span class=\"ryNqvb\">In addition to being easily accessible by vehicles and extremely accessible to pedestrians, the site &#8220;Kod Kula&#8221; has been the social, cultural, religious and educational center of Plina since time immemorial.<\/span><\/span> <span class=\"jCAhz ChMk0b\"><span class=\"ryNqvb\">There is also the old Parish House, and next to it the Chapel of St. Paschal, built in 1759 by the parish priest, Fr. Ante Rozi\u0107.<\/span><\/span> <span class=\"jCAhz ChMk0b\"><span class=\"ryNqvb\">Exactly halfway between the two Plinian churches (the other is the Church of St. John the Baptist in Zapadna Plinia) is the parish house.<\/span><\/span> <span class=\"jCAhz ChMk0b\"><span class=\"ryNqvb\">There used to be a tower there, the vaults of which can still be seen today.<\/span><\/span> <span class=\"jCAhz ChMk0b\"><span class=\"ryNqvb\">That is why it is still called &#8220;Kod Kule&#8221;, which means &#8220;by the Parish House&#8221;.<\/span><\/span> <span class=\"jCAhz ChMk0b\"><span class=\"ryNqvb\">Tradition says that it was once a Turkish tower.<\/span><\/span><\/span><\/p>\t\t\t\t\t\t\t\t<\/div>\n\t\t\t\t\t<\/div>\n\t\t\t\t<\/div>\n\t\t<div class=\"elementor-element elementor-element-2c95da6e e-grid e-con-boxed e-con e-parent\" data-id=\"2c95da6e\" data-element_type=\"container\" data-e-type=\"container\">\n\t\t\t\t\t<div class=\"e-con-inner\">\n\t\t\t\t<div class=\"elementor-element elementor-element-4e9e2062 elementor-widget elementor-widget-text-editor\" data-id=\"4e9e2062\" data-element_type=\"widget\" data-e-type=\"widget\" data-widget_type=\"text-editor.default\">\n\t\t\t\t\t\t\t\t\t<h3 style=\"text-align: center;\"><span class=\"HwtZe\" lang=\"en\"><span class=\"jCAhz ChMk0b\"><span class=\"ryNqvb\">About the project <\/span><\/span><\/span><\/h3><p><span class=\"HwtZe\" lang=\"en\"><span class=\"jCAhz ChMk0b\"><span class=\"ryNqvb\">This web platform is being developed as a central place for presenting the tourist values \u200b\u200bof the city of Plo\u010de, with an emphasis on better visibility of local attractions, easier access to information and a more modern approach to destination promotion.<\/span><\/span> <\/span><\/p><ul><li><span class=\"HwtZe\" lang=\"en\"><span class=\"jCAhz ChMk0b\"><span class=\"ryNqvb\">digital presentation of tourist locations and content <\/span><\/span><\/span><\/li><li><span class=\"HwtZe\" lang=\"en\"><span class=\"jCAhz ChMk0b\"><span class=\"ryNqvb\">interactive map and overview of destinations by category <\/span><\/span><\/span><\/li><li><span class=\"HwtZe\" lang=\"en\"><span class=\"jCAhz ChMk0b\"><span class=\"ryNqvb\">strengthening the recognition of the city of Plo\u010de as a tourist destination <\/span><\/span><\/span><\/li><li><span class=\"HwtZe\" lang=\"en\"><span class=\"jCAhz ChMk0b\"><span class=\"ryNqvb\">connecting the local community, visitors and project partners<\/span><\/span><\/span>povezivanje lokalne zajednice, posjetitelja i projektnih partnera<\/li><\/ul>\t\t\t\t\t\t\t\t<\/div>\n\t\t\t\t<div class=\"elementor-element elementor-element-ae9ee50 elementor-widget elementor-widget-text-editor\" data-id=\"ae9ee50\" data-element_type=\"widget\" data-e-type=\"widget\" data-widget_type=\"text-editor.default\">\n\t\t\t\t\t\t\t\t\t<h3 style=\"text-align: center;\"><span class=\"HwtZe\" lang=\"en\"><span class=\"jCAhz ChMk0b\"><span class=\"ryNqvb\">Basic information<\/span><\/span><\/span><\/h3><ul><li><span class=\"HwtZe\" lang=\"en\"><span class=\"jCAhz ChMk0b\"><span class=\"ryNqvb\"><strong>Project name:<\/strong> Innovative approach to tourist destinations of the city of Plo\u010de <\/span><\/span><\/span><\/li><\/ul><ul><li><span class=\"HwtZe\" lang=\"en\"><span class=\"jCAhz ChMk0b\"><span class=\"ryNqvb\"><strong>Area:<\/strong> City of Plo\u010de and surrounding destinations <\/span><\/span><\/span><\/li><\/ul><ul><li><span class=\"HwtZe\" lang=\"en\"><span class=\"jCAhz ChMk0b\"><span class=\"ryNqvb\"><strong>Focus:<\/strong> tourism, digitalization, destination promotion <\/span><\/span><\/span><\/li><\/ul><ul><li><span class=\"HwtZe\" lang=\"en\"><span class=\"jCAhz ChMk0b\"><span class=\"ryNqvb\"><strong>Status:<\/strong> in development \/ content preparation<\/span><\/span><\/span><\/li><\/ul>\t\t\t\t\t\t\t\t<\/div>\n\t\t\t\t<div class=\"elementor-element elementor-element-da257d1 elementor-widget elementor-widget-text-editor\" data-id=\"da257d1\" data-element_type=\"widget\" data-e-type=\"widget\" data-widget_type=\"text-editor.default\">\n\t\t\t\t\t\t\t\t\t<h3 class=\"section-title\" style=\"text-align: center;\"><span class=\"HwtZe\" lang=\"en\"><span class=\"jCAhz ChMk0b\"><span class=\"ryNqvb\">Contact<\/span><\/span><\/span><\/h3><p><span class=\"HwtZe\" lang=\"en\"><span class=\"jCAhz ChMk0b\"><span class=\"ryNqvb\">For additional information about the project, cooperation or the tourist offer of the city of Plo\u010de, please contact us via contact details or form.<\/span><\/span> <\/span><\/p><p><span class=\"HwtZe\" lang=\"en\"><span class=\"jCAhz ChMk0b\"><span class=\"ryNqvb\"><strong>Address:<\/strong> Tina Ujevi\u0107a , Plo\u010de 20340 Croatia<\/span><\/span><\/span><\/p><p><span class=\"HwtZe\" lang=\"en\"><span class=\"jCAhz ChMk0b\"><span class=\"ryNqvb\"><strong>E-mail:<\/strong> <a href=\"mailto:info@plocegateway.com.hr\">info@plocegateway.com.hr<\/a> <\/span><\/span><\/span><\/p><p><span class=\"HwtZe\" lang=\"en\"><span class=\"jCAhz ChMk0b\"><span class=\"ryNqvb\"><strong>Phone:<\/strong> +385 (0)20 679 139<\/span><\/span><\/span><\/p>\t\t\t\t\t\t\t\t<\/div>\n\t\t\t\t<div class=\"elementor-element elementor-element-10f5becc elementor-widget elementor-widget-image\" data-id=\"10f5becc\" data-element_type=\"widget\" data-e-type=\"widget\" data-widget_type=\"image.default\">\n\t\t\t\t\t\t\t\t\t\t\t\t\t\t\t<img fetchpriority=\"high\" decoding=\"async\" width=\"1024\" height=\"683\" src=\"https:\/\/plocegateway.com.hr\/wp-content\/uploads\/2026\/04\/logo_nositelj-1024x683.png\" class=\"attachment-large size-large wp-image-636\" alt=\"\" srcset=\"https:\/\/plocegateway.com.hr\/wp-content\/uploads\/2026\/04\/logo_nositelj-1024x683.png 1024w, https:\/\/plocegateway.com.hr\/wp-content\/uploads\/2026\/04\/logo_nositelj-300x200.png 300w, https:\/\/plocegateway.com.hr\/wp-content\/uploads\/2026\/04\/logo_nositelj-768x512.png 768w, https:\/\/plocegateway.com.hr\/wp-content\/uploads\/2026\/04\/logo_nositelj.png 1536w\" sizes=\"(max-width: 1024px) 100vw, 1024px\" \/>\t\t\t\t\t\t\t\t\t\t\t\t\t\t\t<\/div>\n\t\t\t\t<div class=\"elementor-element elementor-element-613029cd elementor-widget elementor-widget-text-editor\" data-id=\"613029cd\" data-element_type=\"widget\" data-e-type=\"widget\" data-widget_type=\"text-editor.default\">\n\t\t\t\t\t\t\t\t\t<h5 style=\"text-align: center;\"><strong>LOGO 1<\/strong><\/h5>\t\t\t\t\t\t\t\t<\/div>\n\t\t\t\t<div class=\"elementor-element elementor-element-78b0e54a elementor-widget elementor-widget-text-editor\" data-id=\"78b0e54a\" data-element_type=\"widget\" data-e-type=\"widget\" data-widget_type=\"text-editor.default\">\n\t\t\t\t\t\t\t\t\t<h5 style=\"text-align: center;\"><strong>LOGO 2<\/strong><\/h5>\t\t\t\t\t\t\t\t<\/div>\n\t\t\t\t\t<\/div>\n\t\t\t\t<\/div>\n\t\t\t\t<\/div>\n\t\t","protected":false},"excerpt":{"rendered":"<p>Archaeological Park &#8220;Kod Kula&#8221; Ste\u0107ci, medieval stone tombstones, also known as bilizi, kami (stones), marbles, were erected from the 12th [&hellip;]<\/p>\n","protected":false},"author":1,"featured_media":0,"parent":0,"menu_order":0,"comment_status":"closed","ping_status":"closed","template":"","meta":{"site-sidebar-layout":"no-sidebar","site-content-layout":"","ast-site-content-layout":"full-width-container","site-content-style":"default","site-sidebar-style":"default","ast-global-header-display":"","ast-banner-title-visibility":"","ast-main-header-display":"","ast-hfb-above-header-display":"","ast-hfb-below-header-display":"","ast-hfb-mobile-header-display":"","site-post-title":"disabled","ast-breadcrumbs-content":"","ast-featured-img":"disabled","footer-sml-layout":"","ast-disable-related-posts":"","theme-transparent-header-meta":"","adv-header-id-meta":"","stick-header-meta":"","header-above-stick-meta":"","header-main-stick-meta":"","header-below-stick-meta":"","astra-migrate-meta-layouts":"default","ast-page-background-enabled":"default","ast-page-background-meta":{"desktop":{"background-color":"var(--ast-global-color-5)","background-image":"","background-repeat":"repeat","background-position":"center center","background-size":"auto","background-attachment":"scroll","background-type":"","background-media":"","overlay-type":"","overlay-color":"","overlay-opacity":"","overlay-gradient":""},"tablet":{"background-color":"","background-image":"","background-repeat":"repeat","background-position":"center center","background-size":"auto","background-attachment":"scroll","background-type":"","background-media":"","overlay-type":"","overlay-color":"","overlay-opacity":"","overlay-gradient":""},"mobile":{"background-color":"","background-image":"","background-repeat":"repeat","background-position":"center center","background-size":"auto","background-attachment":"scroll","background-type":"","background-media":"","overlay-type":"","overlay-color":"","overlay-opacity":"","overlay-gradient":""}},"ast-content-background-meta":{"desktop":{"background-color":"var(--ast-global-color-4)","background-image":"","background-repeat":"repeat","background-position":"center center","background-size":"auto","background-attachment":"scroll","background-type":"","background-media":"","overlay-type":"","overlay-color":"","overlay-opacity":"","overlay-gradient":""},"tablet":{"background-color":"var(--ast-global-color-4)","background-image":"","background-repeat":"repeat","background-position":"center center","background-size":"auto","background-attachment":"scroll","background-type":"","background-media":"","overlay-type":"","overlay-color":"","overlay-opacity":"","overlay-gradient":""},"mobile":{"background-color":"var(--ast-global-color-4)","background-image":"","background-repeat":"repeat","background-position":"center center","background-size":"auto","background-attachment":"scroll","background-type":"","background-media":"","overlay-type":"","overlay-color":"","overlay-opacity":"","overlay-gradient":""}},"footnotes":""},"class_list":["post-813","page","type-page","status-publish","hentry"],"yoast_head":"<!-- This site is optimized with the Yoast SEO plugin v27.5 - https:\/\/yoast.com\/product\/yoast-seo-wordpress\/ -->\n<title>Archaeological Park \u201cKod Kule\u201d - plocegateway.com.hr<\/title>\n<meta name=\"robots\" content=\"index, follow, max-snippet:-1, max-image-preview:large, max-video-preview:-1\" \/>\n<link rel=\"canonical\" href=\"https:\/\/plocegateway.com.hr\/?page_id=813&lang=en\" \/>\n<meta property=\"og:locale\" content=\"hr_HR\" \/>\n<meta property=\"og:type\" content=\"article\" \/>\n<meta property=\"og:title\" content=\"Archaeological Park \u201cKod Kule\u201d - plocegateway.com.hr\" \/>\n<meta property=\"og:description\" content=\"Archaeological Park &#8220;Kod Kula&#8221; Ste\u0107ci, medieval stone tombstones, also known as bilizi, kami (stones), marbles, were erected from the 12th [&hellip;]\" \/>\n<meta property=\"og:url\" content=\"https:\/\/plocegateway.com.hr\/?page_id=813&amp;lang=en\" \/>\n<meta property=\"og:site_name\" content=\"plocegateway.com.hr\" \/>\n<meta property=\"article:modified_time\" content=\"2026-04-27T20:27:45+00:00\" \/>\n<meta property=\"og:image\" content=\"http:\/\/plocegateway.com.hr\/wp-content\/uploads\/2026\/04\/logo_nositelj-1024x683.png\" \/>\n<meta name=\"twitter:card\" content=\"summary_large_image\" \/>\n<meta name=\"twitter:label1\" content=\"Procijenjeno vrijeme \u010ditanja\" \/>\n\t<meta name=\"twitter:data1\" content=\"3 minute\" \/>\n<script type=\"application\/ld+json\" class=\"yoast-schema-graph\">{\"@context\":\"https:\\\/\\\/schema.org\",\"@graph\":[{\"@type\":\"WebPage\",\"@id\":\"https:\\\/\\\/plocegateway.com.hr\\\/?page_id=813&lang=en\",\"url\":\"https:\\\/\\\/plocegateway.com.hr\\\/?page_id=813&lang=en\",\"name\":\"Archaeological Park \u201cKod Kule\u201d - plocegateway.com.hr\",\"isPartOf\":{\"@id\":\"https:\\\/\\\/plocegateway.com.hr\\\/#website\"},\"primaryImageOfPage\":{\"@id\":\"https:\\\/\\\/plocegateway.com.hr\\\/?page_id=813&lang=en#primaryimage\"},\"image\":{\"@id\":\"https:\\\/\\\/plocegateway.com.hr\\\/?page_id=813&lang=en#primaryimage\"},\"thumbnailUrl\":\"http:\\\/\\\/plocegateway.com.hr\\\/wp-content\\\/uploads\\\/2026\\\/04\\\/logo_nositelj-1024x683.png\",\"datePublished\":\"2026-04-27T20:09:14+00:00\",\"dateModified\":\"2026-04-27T20:27:45+00:00\",\"breadcrumb\":{\"@id\":\"https:\\\/\\\/plocegateway.com.hr\\\/?page_id=813&lang=en#breadcrumb\"},\"inLanguage\":\"hr\",\"potentialAction\":[{\"@type\":\"ReadAction\",\"target\":[\"https:\\\/\\\/plocegateway.com.hr\\\/?page_id=813&lang=en\"]}]},{\"@type\":\"ImageObject\",\"inLanguage\":\"hr\",\"@id\":\"https:\\\/\\\/plocegateway.com.hr\\\/?page_id=813&lang=en#primaryimage\",\"url\":\"https:\\\/\\\/plocegateway.com.hr\\\/wp-content\\\/uploads\\\/2026\\\/04\\\/logo_nositelj.png\",\"contentUrl\":\"https:\\\/\\\/plocegateway.com.hr\\\/wp-content\\\/uploads\\\/2026\\\/04\\\/logo_nositelj.png\",\"width\":1536,\"height\":1024},{\"@type\":\"BreadcrumbList\",\"@id\":\"https:\\\/\\\/plocegateway.com.hr\\\/?page_id=813&lang=en#breadcrumb\",\"itemListElement\":[{\"@type\":\"ListItem\",\"position\":1,\"name\":\"Po\u010detna stranica\",\"item\":\"https:\\\/\\\/plocegateway.com.hr\\\/\"},{\"@type\":\"ListItem\",\"position\":2,\"name\":\"Archaeological Park \u201cKod Kule\u201d\"}]},{\"@type\":\"WebSite\",\"@id\":\"https:\\\/\\\/plocegateway.com.hr\\\/#website\",\"url\":\"https:\\\/\\\/plocegateway.com.hr\\\/\",\"name\":\"plocegateway.com.hr\",\"description\":\"Vrata doline Neretve\",\"potentialAction\":[{\"@type\":\"SearchAction\",\"target\":{\"@type\":\"EntryPoint\",\"urlTemplate\":\"https:\\\/\\\/plocegateway.com.hr\\\/?s={search_term_string}\"},\"query-input\":{\"@type\":\"PropertyValueSpecification\",\"valueRequired\":true,\"valueName\":\"search_term_string\"}}],\"inLanguage\":\"hr\"}]}<\/script>\n<!-- \/ Yoast SEO plugin. -->","yoast_head_json":{"title":"Archaeological Park \u201cKod Kule\u201d - plocegateway.com.hr","robots":{"index":"index","follow":"follow","max-snippet":"max-snippet:-1","max-image-preview":"max-image-preview:large","max-video-preview":"max-video-preview:-1"},"canonical":"https:\/\/plocegateway.com.hr\/?page_id=813&lang=en","og_locale":"hr_HR","og_type":"article","og_title":"Archaeological Park \u201cKod Kule\u201d - plocegateway.com.hr","og_description":"Archaeological Park &#8220;Kod Kula&#8221; Ste\u0107ci, medieval stone tombstones, also known as bilizi, kami (stones), marbles, were erected from the 12th [&hellip;]","og_url":"https:\/\/plocegateway.com.hr\/?page_id=813&lang=en","og_site_name":"plocegateway.com.hr","article_modified_time":"2026-04-27T20:27:45+00:00","og_image":[{"url":"http:\/\/plocegateway.com.hr\/wp-content\/uploads\/2026\/04\/logo_nositelj-1024x683.png","type":"","width":"","height":""}],"twitter_card":"summary_large_image","twitter_misc":{"Procijenjeno vrijeme \u010ditanja":"3 minute"},"schema":{"@context":"https:\/\/schema.org","@graph":[{"@type":"WebPage","@id":"https:\/\/plocegateway.com.hr\/?page_id=813&lang=en","url":"https:\/\/plocegateway.com.hr\/?page_id=813&lang=en","name":"Archaeological Park \u201cKod Kule\u201d - plocegateway.com.hr","isPartOf":{"@id":"https:\/\/plocegateway.com.hr\/#website"},"primaryImageOfPage":{"@id":"https:\/\/plocegateway.com.hr\/?page_id=813&lang=en#primaryimage"},"image":{"@id":"https:\/\/plocegateway.com.hr\/?page_id=813&lang=en#primaryimage"},"thumbnailUrl":"http:\/\/plocegateway.com.hr\/wp-content\/uploads\/2026\/04\/logo_nositelj-1024x683.png","datePublished":"2026-04-27T20:09:14+00:00","dateModified":"2026-04-27T20:27:45+00:00","breadcrumb":{"@id":"https:\/\/plocegateway.com.hr\/?page_id=813&lang=en#breadcrumb"},"inLanguage":"hr","potentialAction":[{"@type":"ReadAction","target":["https:\/\/plocegateway.com.hr\/?page_id=813&lang=en"]}]},{"@type":"ImageObject","inLanguage":"hr","@id":"https:\/\/plocegateway.com.hr\/?page_id=813&lang=en#primaryimage","url":"https:\/\/plocegateway.com.hr\/wp-content\/uploads\/2026\/04\/logo_nositelj.png","contentUrl":"https:\/\/plocegateway.com.hr\/wp-content\/uploads\/2026\/04\/logo_nositelj.png","width":1536,"height":1024},{"@type":"BreadcrumbList","@id":"https:\/\/plocegateway.com.hr\/?page_id=813&lang=en#breadcrumb","itemListElement":[{"@type":"ListItem","position":1,"name":"Po\u010detna stranica","item":"https:\/\/plocegateway.com.hr\/"},{"@type":"ListItem","position":2,"name":"Archaeological Park \u201cKod Kule\u201d"}]},{"@type":"WebSite","@id":"https:\/\/plocegateway.com.hr\/#website","url":"https:\/\/plocegateway.com.hr\/","name":"plocegateway.com.hr","description":"Vrata doline Neretve","potentialAction":[{"@type":"SearchAction","target":{"@type":"EntryPoint","urlTemplate":"https:\/\/plocegateway.com.hr\/?s={search_term_string}"},"query-input":{"@type":"PropertyValueSpecification","valueRequired":true,"valueName":"search_term_string"}}],"inLanguage":"hr"}]}},"_links":{"self":[{"href":"https:\/\/plocegateway.com.hr\/index.php?rest_route=\/wp\/v2\/pages\/813","targetHints":{"allow":["GET"]}}],"collection":[{"href":"https:\/\/plocegateway.com.hr\/index.php?rest_route=\/wp\/v2\/pages"}],"about":[{"href":"https:\/\/plocegateway.com.hr\/index.php?rest_route=\/wp\/v2\/types\/page"}],"author":[{"embeddable":true,"href":"https:\/\/plocegateway.com.hr\/index.php?rest_route=\/wp\/v2\/users\/1"}],"replies":[{"embeddable":true,"href":"https:\/\/plocegateway.com.hr\/index.php?rest_route=%2Fwp%2Fv2%2Fcomments&post=813"}],"version-history":[{"count":11,"href":"https:\/\/plocegateway.com.hr\/index.php?rest_route=\/wp\/v2\/pages\/813\/revisions"}],"predecessor-version":[{"id":841,"href":"https:\/\/plocegateway.com.hr\/index.php?rest_route=\/wp\/v2\/pages\/813\/revisions\/841"}],"wp:attachment":[{"href":"https:\/\/plocegateway.com.hr\/index.php?rest_route=%2Fwp%2Fv2%2Fmedia&parent=813"}],"curies":[{"name":"wp","href":"https:\/\/api.w.org\/{rel}","templated":true}]}}