{"id":851,"date":"2026-04-27T21:41:01","date_gmt":"2026-04-27T21:41:01","guid":{"rendered":"https:\/\/plocegateway.com.hr\/?page_id=851"},"modified":"2026-04-27T21:48:07","modified_gmt":"2026-04-27T21:48:07","slug":"ciro-a-look-at-the-history-of-the-railway","status":"publish","type":"page","link":"https:\/\/plocegateway.com.hr\/?page_id=851&lang=en","title":{"rendered":"\u0106iro &#8211; a look at the history of the railway"},"content":{"rendered":"\t\t<div data-elementor-type=\"wp-page\" data-elementor-id=\"851\" class=\"elementor elementor-851\">\n\t\t\t\t<div class=\"elementor-element elementor-element-b228d12 e-flex e-con-boxed e-con e-parent\" data-id=\"b228d12\" data-element_type=\"container\" data-e-type=\"container\">\n\t\t\t\t\t<div class=\"e-con-inner\">\n\t\t\t\t<div class=\"elementor-element elementor-element-4820aa5 elementor-widget elementor-widget-text-editor\" data-id=\"4820aa5\" data-element_type=\"widget\" data-e-type=\"widget\" data-widget_type=\"text-editor.default\">\n\t\t\t\t\t\t\t\t\t<h3><span class=\"HwtZe\" lang=\"en\"><span class=\"jCAhz ChMk0b\"><span class=\"ryNqvb\">\u0106iro &#8211; a look at the history of the railway <\/span><\/span><\/span><\/h3><p><span class=\"HwtZe\" lang=\"en\"><span class=\"jCAhz ChMk0b\"><span class=\"ryNqvb\">\u0106iro is synonymous with the old narrow-gauge railway that connected the interior with the sea, and in Plo\u010de it has a special, almost emotional status.<\/span><\/span> <span class=\"jCAhz ChMk0b\"><span class=\"ryNqvb\">The steam locomotive is not just a monument;<\/span><\/span> <span class=\"jCAhz ChMk0b\"><span class=\"ryNqvb\">it is a reminder that Plo\u010de, as a modern port and city, was actually built around the railway.<\/span><\/span> <span class=\"jCAhz ChMk0b\"><span class=\"ryNqvb\">Without the railway that connected Bosnia and Herzegovina with the Adriatic, Plo\u010de would never have become the city it is today.<\/span><\/span> <span class=\"jCAhz ChMk0b\"><span class=\"ryNqvb\">The narrow-gauge railway (760 mm) on the Sarajevo &#8211; Mostar &#8211; Metkovi\u0107 &#8211; Plo\u010de route was the lifeblood of the entire region.<\/span><\/span><\/span><\/p><p><span class=\"HwtZe\" lang=\"en\"><span class=\"jCAhz ChMk0b\"><span class=\"ryNqvb\">The section to Plo\u010de was completed in the middle of World War II (1942), although the railway&#8217;s true importance blossomed in the post-war period.<\/span><\/span> <span class=\"jCAhz ChMk0b\"><span class=\"ryNqvb\">The ride on the \u0106iro was slow, dusty and noisy, but incredibly scenic.<\/span><\/span> <span class=\"jCAhz ChMk0b\"><span class=\"ryNqvb\">The passage through the Neretva Canyon was considered one of the most beautiful railway journeys in this part of Europe.<\/span><\/span><\/span><\/p><p><span class=\"HwtZe\" lang=\"en\"><span class=\"jCAhz ChMk0b\"><span class=\"ryNqvb\">There are various theories about the name \u0106iro, but the most popular is that it was a popular name for train drivers or the locomotive itself that \u201c\u0106iri\u201d (peeks out) around a bend.<\/span><\/span> <span class=\"jCAhz ChMk0b\"><span class=\"ryNqvb\">Regardless of the origin of the name, it has become a universal nickname for all narrow-gauge trains in the former state.<\/span><\/span><\/span><\/p><p><span class=\"HwtZe\" lang=\"en\"><span class=\"jCAhz ChMk0b\"><span class=\"ryNqvb\">\u0106iro entered Plo\u010de for the last time in 1966, when the narrow-gauge railway was replaced by a modern standard-gauge railway.<\/span><\/span> <span class=\"jCAhz ChMk0b\"><span class=\"ryNqvb\">Plo\u010de has preserved its own example (series 83), which today serves as a perfect backdrop for photographs, but also as a silent witness to the time when the \u201cblack diamond\u201d (coal) passed through the city.<\/span><\/span><\/span><\/p><p><span class=\"HwtZe\" lang=\"en\"><span class=\"jCAhz ChMk0b\"><span class=\"ryNqvb\">This locomotive, designed in the early 20th century (around 1903) for the needs of the Bosnian-Herzegovinian State Railways (BH\u017d), was not just a machine;<\/span><\/span> <span class=\"jCAhz ChMk0b\"><span class=\"ryNqvb\">it was the pinnacle of engineering adapted to the harsh terrain of karst and narrow canyons.<\/span><\/span><\/span><\/p>\t\t\t\t\t\t\t\t<\/div>\n\t\t\t\t\t<\/div>\n\t\t\t\t<\/div>\n\t\t<div class=\"elementor-element elementor-element-73646aef e-grid e-con-boxed e-con e-parent\" data-id=\"73646aef\" data-element_type=\"container\" data-e-type=\"container\">\n\t\t\t\t\t<div class=\"e-con-inner\">\n\t\t\t\t<div class=\"elementor-element elementor-element-48c0cdfc elementor-widget elementor-widget-text-editor\" data-id=\"48c0cdfc\" data-element_type=\"widget\" data-e-type=\"widget\" data-widget_type=\"text-editor.default\">\n\t\t\t\t\t\t\t\t\t<h3 style=\"text-align: center;\"><span class=\"HwtZe\" lang=\"en\"><span class=\"jCAhz ChMk0b\"><span class=\"ryNqvb\">About the project <\/span><\/span><\/span><\/h3><p><span class=\"HwtZe\" lang=\"en\"><span class=\"jCAhz ChMk0b\"><span class=\"ryNqvb\">This web platform is being developed as a central place for presenting the tourist values \u200b\u200bof the city of Plo\u010de, with an emphasis on better visibility of local attractions, easier access to information and a more modern approach to destination promotion.<\/span><\/span> <\/span><\/p><ul><li><span class=\"HwtZe\" lang=\"en\"><span class=\"jCAhz ChMk0b\"><span class=\"ryNqvb\">digital presentation of tourist locations and content <\/span><\/span><\/span><\/li><li><span class=\"HwtZe\" lang=\"en\"><span class=\"jCAhz ChMk0b\"><span class=\"ryNqvb\">interactive map and overview of destinations by category <\/span><\/span><\/span><\/li><li><span class=\"HwtZe\" lang=\"en\"><span class=\"jCAhz ChMk0b\"><span class=\"ryNqvb\">strengthening the recognition of the city of Plo\u010de as a tourist destination <\/span><\/span><\/span><\/li><li><span class=\"HwtZe\" lang=\"en\"><span class=\"jCAhz ChMk0b\"><span class=\"ryNqvb\">connecting the local community, visitors and project partners<\/span><\/span><\/span>povezivanje lokalne zajednice, posjetitelja i projektnih partnera<\/li><\/ul>\t\t\t\t\t\t\t\t<\/div>\n\t\t\t\t<div class=\"elementor-element elementor-element-6d9d0320 elementor-widget elementor-widget-text-editor\" data-id=\"6d9d0320\" data-element_type=\"widget\" data-e-type=\"widget\" data-widget_type=\"text-editor.default\">\n\t\t\t\t\t\t\t\t\t<h3 style=\"text-align: center;\"><span class=\"HwtZe\" lang=\"en\"><span class=\"jCAhz ChMk0b\"><span class=\"ryNqvb\">Basic information<\/span><\/span><\/span><\/h3><ul><li><span class=\"HwtZe\" lang=\"en\"><span class=\"jCAhz ChMk0b\"><span class=\"ryNqvb\"><strong>Project name:<\/strong> Innovative approach to tourist destinations of the city of Plo\u010de <\/span><\/span><\/span><\/li><\/ul><ul><li><span class=\"HwtZe\" lang=\"en\"><span class=\"jCAhz ChMk0b\"><span class=\"ryNqvb\"><strong>Area:<\/strong> City of Plo\u010de and surrounding destinations <\/span><\/span><\/span><\/li><\/ul><ul><li><span class=\"HwtZe\" lang=\"en\"><span class=\"jCAhz ChMk0b\"><span class=\"ryNqvb\"><strong>Focus:<\/strong> tourism, digitalization, destination promotion <\/span><\/span><\/span><\/li><\/ul><ul><li><span class=\"HwtZe\" lang=\"en\"><span class=\"jCAhz ChMk0b\"><span class=\"ryNqvb\"><strong>Status:<\/strong> in development \/ content preparation<\/span><\/span><\/span><\/li><\/ul>\t\t\t\t\t\t\t\t<\/div>\n\t\t\t\t<div class=\"elementor-element elementor-element-32e781b elementor-widget elementor-widget-text-editor\" data-id=\"32e781b\" data-element_type=\"widget\" data-e-type=\"widget\" data-widget_type=\"text-editor.default\">\n\t\t\t\t\t\t\t\t\t<h3 class=\"section-title\" style=\"text-align: center;\"><span class=\"HwtZe\" lang=\"en\"><span class=\"jCAhz ChMk0b\"><span class=\"ryNqvb\">Contact<\/span><\/span><\/span><\/h3><p><span class=\"HwtZe\" lang=\"en\"><span class=\"jCAhz ChMk0b\"><span class=\"ryNqvb\">For additional information about the project, cooperation or the tourist offer of the city of Plo\u010de, please contact us via contact details or form.<\/span><\/span> <\/span><\/p><p><span class=\"HwtZe\" lang=\"en\"><span class=\"jCAhz ChMk0b\"><span class=\"ryNqvb\"><strong>Address:<\/strong> Tina Ujevi\u0107a , Plo\u010de 20340 Croatia<\/span><\/span><\/span><\/p><p><span class=\"HwtZe\" lang=\"en\"><span class=\"jCAhz ChMk0b\"><span class=\"ryNqvb\"><strong>E-mail:<\/strong> <a href=\"mailto:info@plocegateway.com.hr\">info@plocegateway.com.hr<\/a> <\/span><\/span><\/span><\/p><p><span class=\"HwtZe\" lang=\"en\"><span class=\"jCAhz ChMk0b\"><span class=\"ryNqvb\"><strong>Phone:<\/strong> +385 (0)20 679 139<\/span><\/span><\/span><\/p>\t\t\t\t\t\t\t\t<\/div>\n\t\t\t\t<div class=\"elementor-element elementor-element-5ca8aaaa elementor-widget elementor-widget-image\" data-id=\"5ca8aaaa\" data-element_type=\"widget\" data-e-type=\"widget\" data-widget_type=\"image.default\">\n\t\t\t\t\t\t\t\t\t\t\t\t\t\t\t<img fetchpriority=\"high\" decoding=\"async\" width=\"1024\" height=\"683\" src=\"https:\/\/plocegateway.com.hr\/wp-content\/uploads\/2026\/04\/logo_nositelj-1024x683.png\" class=\"attachment-large size-large wp-image-636\" alt=\"\" srcset=\"https:\/\/plocegateway.com.hr\/wp-content\/uploads\/2026\/04\/logo_nositelj-1024x683.png 1024w, https:\/\/plocegateway.com.hr\/wp-content\/uploads\/2026\/04\/logo_nositelj-300x200.png 300w, https:\/\/plocegateway.com.hr\/wp-content\/uploads\/2026\/04\/logo_nositelj-768x512.png 768w, https:\/\/plocegateway.com.hr\/wp-content\/uploads\/2026\/04\/logo_nositelj.png 1536w\" sizes=\"(max-width: 1024px) 100vw, 1024px\" \/>\t\t\t\t\t\t\t\t\t\t\t\t\t\t\t<\/div>\n\t\t\t\t<div class=\"elementor-element elementor-element-7cb202a5 elementor-widget elementor-widget-text-editor\" data-id=\"7cb202a5\" data-element_type=\"widget\" data-e-type=\"widget\" data-widget_type=\"text-editor.default\">\n\t\t\t\t\t\t\t\t\t<h5 style=\"text-align: center;\"><strong>LOGO 1<\/strong><\/h5>\t\t\t\t\t\t\t\t<\/div>\n\t\t\t\t<div class=\"elementor-element elementor-element-43def77b elementor-widget elementor-widget-text-editor\" data-id=\"43def77b\" data-element_type=\"widget\" data-e-type=\"widget\" data-widget_type=\"text-editor.default\">\n\t\t\t\t\t\t\t\t\t<h5 style=\"text-align: center;\"><strong>LOGO 2<\/strong><\/h5>\t\t\t\t\t\t\t\t<\/div>\n\t\t\t\t\t<\/div>\n\t\t\t\t<\/div>\n\t\t\t\t<\/div>\n\t\t","protected":false},"excerpt":{"rendered":"<p>\u0106iro &#8211; a look at the history of the railway \u0106iro is synonymous with the old narrow-gauge railway that connected [&hellip;]<\/p>\n","protected":false},"author":1,"featured_media":0,"parent":0,"menu_order":0,"comment_status":"closed","ping_status":"closed","template":"","meta":{"site-sidebar-layout":"no-sidebar","site-content-layout":"","ast-site-content-layout":"full-width-container","site-content-style":"default","site-sidebar-style":"default","ast-global-header-display":"","ast-banner-title-visibility":"","ast-main-header-display":"","ast-hfb-above-header-display":"","ast-hfb-below-header-display":"","ast-hfb-mobile-header-display":"","site-post-title":"disabled","ast-breadcrumbs-content":"","ast-featured-img":"disabled","footer-sml-layout":"","ast-disable-related-posts":"","theme-transparent-header-meta":"","adv-header-id-meta":"","stick-header-meta":"","header-above-stick-meta":"","header-main-stick-meta":"","header-below-stick-meta":"","astra-migrate-meta-layouts":"default","ast-page-background-enabled":"default","ast-page-background-meta":{"desktop":{"background-color":"var(--ast-global-color-5)","background-image":"","background-repeat":"repeat","background-position":"center center","background-size":"auto","background-attachment":"scroll","background-type":"","background-media":"","overlay-type":"","overlay-color":"","overlay-opacity":"","overlay-gradient":""},"tablet":{"background-color":"","background-image":"","background-repeat":"repeat","background-position":"center center","background-size":"auto","background-attachment":"scroll","background-type":"","background-media":"","overlay-type":"","overlay-color":"","overlay-opacity":"","overlay-gradient":""},"mobile":{"background-color":"","background-image":"","background-repeat":"repeat","background-position":"center center","background-size":"auto","background-attachment":"scroll","background-type":"","background-media":"","overlay-type":"","overlay-color":"","overlay-opacity":"","overlay-gradient":""}},"ast-content-background-meta":{"desktop":{"background-color":"var(--ast-global-color-4)","background-image":"","background-repeat":"repeat","background-position":"center center","background-size":"auto","background-attachment":"scroll","background-type":"","background-media":"","overlay-type":"","overlay-color":"","overlay-opacity":"","overlay-gradient":""},"tablet":{"background-color":"var(--ast-global-color-4)","background-image":"","background-repeat":"repeat","background-position":"center center","background-size":"auto","background-attachment":"scroll","background-type":"","background-media":"","overlay-type":"","overlay-color":"","overlay-opacity":"","overlay-gradient":""},"mobile":{"background-color":"var(--ast-global-color-4)","background-image":"","background-repeat":"repeat","background-position":"center center","background-size":"auto","background-attachment":"scroll","background-type":"","background-media":"","overlay-type":"","overlay-color":"","overlay-opacity":"","overlay-gradient":""}},"footnotes":""},"class_list":["post-851","page","type-page","status-publish","hentry"],"yoast_head":"<!-- This site is optimized with the Yoast SEO plugin v27.5 - https:\/\/yoast.com\/product\/yoast-seo-wordpress\/ -->\n<title>\u0106iro - a look at the history of the railway - plocegateway.com.hr<\/title>\n<meta name=\"robots\" content=\"index, follow, max-snippet:-1, max-image-preview:large, max-video-preview:-1\" \/>\n<link rel=\"canonical\" href=\"https:\/\/plocegateway.com.hr\/?page_id=851&lang=en\" \/>\n<meta property=\"og:locale\" content=\"hr_HR\" \/>\n<meta property=\"og:type\" content=\"article\" \/>\n<meta property=\"og:title\" content=\"\u0106iro - a look at the history of the railway - plocegateway.com.hr\" \/>\n<meta property=\"og:description\" content=\"\u0106iro &#8211; a look at the history of the railway \u0106iro is synonymous with the old narrow-gauge railway that connected [&hellip;]\" \/>\n<meta property=\"og:url\" content=\"https:\/\/plocegateway.com.hr\/?page_id=851&amp;lang=en\" \/>\n<meta property=\"og:site_name\" content=\"plocegateway.com.hr\" \/>\n<meta property=\"article:modified_time\" content=\"2026-04-27T21:48:07+00:00\" \/>\n<meta property=\"og:image\" content=\"https:\/\/plocegateway.com.hr\/wp-content\/uploads\/2026\/04\/logo_nositelj-1024x683.png\" \/>\n\t<meta property=\"og:image:width\" content=\"1024\" \/>\n\t<meta property=\"og:image:height\" content=\"683\" \/>\n\t<meta property=\"og:image:type\" content=\"image\/png\" \/>\n<meta name=\"twitter:card\" content=\"summary_large_image\" \/>\n<meta name=\"twitter:label1\" content=\"Procijenjeno vrijeme \u010ditanja\" \/>\n\t<meta name=\"twitter:data1\" content=\"2 minute\" \/>\n<script type=\"application\/ld+json\" class=\"yoast-schema-graph\">{\"@context\":\"https:\\\/\\\/schema.org\",\"@graph\":[{\"@type\":\"WebPage\",\"@id\":\"https:\\\/\\\/plocegateway.com.hr\\\/?page_id=851&lang=en\",\"url\":\"https:\\\/\\\/plocegateway.com.hr\\\/?page_id=851&lang=en\",\"name\":\"\u0106iro - a look at the history of the railway - plocegateway.com.hr\",\"isPartOf\":{\"@id\":\"https:\\\/\\\/plocegateway.com.hr\\\/#website\"},\"primaryImageOfPage\":{\"@id\":\"https:\\\/\\\/plocegateway.com.hr\\\/?page_id=851&lang=en#primaryimage\"},\"image\":{\"@id\":\"https:\\\/\\\/plocegateway.com.hr\\\/?page_id=851&lang=en#primaryimage\"},\"thumbnailUrl\":\"http:\\\/\\\/plocegateway.com.hr\\\/wp-content\\\/uploads\\\/2026\\\/04\\\/logo_nositelj-1024x683.png\",\"datePublished\":\"2026-04-27T21:41:01+00:00\",\"dateModified\":\"2026-04-27T21:48:07+00:00\",\"breadcrumb\":{\"@id\":\"https:\\\/\\\/plocegateway.com.hr\\\/?page_id=851&lang=en#breadcrumb\"},\"inLanguage\":\"hr\",\"potentialAction\":[{\"@type\":\"ReadAction\",\"target\":[\"https:\\\/\\\/plocegateway.com.hr\\\/?page_id=851&lang=en\"]}]},{\"@type\":\"ImageObject\",\"inLanguage\":\"hr\",\"@id\":\"https:\\\/\\\/plocegateway.com.hr\\\/?page_id=851&lang=en#primaryimage\",\"url\":\"https:\\\/\\\/plocegateway.com.hr\\\/wp-content\\\/uploads\\\/2026\\\/04\\\/logo_nositelj.png\",\"contentUrl\":\"https:\\\/\\\/plocegateway.com.hr\\\/wp-content\\\/uploads\\\/2026\\\/04\\\/logo_nositelj.png\",\"width\":1536,\"height\":1024},{\"@type\":\"BreadcrumbList\",\"@id\":\"https:\\\/\\\/plocegateway.com.hr\\\/?page_id=851&lang=en#breadcrumb\",\"itemListElement\":[{\"@type\":\"ListItem\",\"position\":1,\"name\":\"Po\u010detna stranica\",\"item\":\"https:\\\/\\\/plocegateway.com.hr\\\/\"},{\"@type\":\"ListItem\",\"position\":2,\"name\":\"\u0106iro &#8211; a look at the history of the railway\"}]},{\"@type\":\"WebSite\",\"@id\":\"https:\\\/\\\/plocegateway.com.hr\\\/#website\",\"url\":\"https:\\\/\\\/plocegateway.com.hr\\\/\",\"name\":\"plocegateway.com.hr\",\"description\":\"Vrata doline Neretve\",\"potentialAction\":[{\"@type\":\"SearchAction\",\"target\":{\"@type\":\"EntryPoint\",\"urlTemplate\":\"https:\\\/\\\/plocegateway.com.hr\\\/?s={search_term_string}\"},\"query-input\":{\"@type\":\"PropertyValueSpecification\",\"valueRequired\":true,\"valueName\":\"search_term_string\"}}],\"inLanguage\":\"hr\"}]}<\/script>\n<!-- \/ Yoast SEO plugin. -->","yoast_head_json":{"title":"\u0106iro - a look at the history of the railway - plocegateway.com.hr","robots":{"index":"index","follow":"follow","max-snippet":"max-snippet:-1","max-image-preview":"max-image-preview:large","max-video-preview":"max-video-preview:-1"},"canonical":"https:\/\/plocegateway.com.hr\/?page_id=851&lang=en","og_locale":"hr_HR","og_type":"article","og_title":"\u0106iro - a look at the history of the railway - plocegateway.com.hr","og_description":"\u0106iro &#8211; a look at the history of the railway \u0106iro is synonymous with the old narrow-gauge railway that connected [&hellip;]","og_url":"https:\/\/plocegateway.com.hr\/?page_id=851&lang=en","og_site_name":"plocegateway.com.hr","article_modified_time":"2026-04-27T21:48:07+00:00","og_image":[{"width":1024,"height":683,"url":"https:\/\/plocegateway.com.hr\/wp-content\/uploads\/2026\/04\/logo_nositelj-1024x683.png","type":"image\/png"}],"twitter_card":"summary_large_image","twitter_misc":{"Procijenjeno vrijeme \u010ditanja":"2 minute"},"schema":{"@context":"https:\/\/schema.org","@graph":[{"@type":"WebPage","@id":"https:\/\/plocegateway.com.hr\/?page_id=851&lang=en","url":"https:\/\/plocegateway.com.hr\/?page_id=851&lang=en","name":"\u0106iro - a look at the history of the railway - plocegateway.com.hr","isPartOf":{"@id":"https:\/\/plocegateway.com.hr\/#website"},"primaryImageOfPage":{"@id":"https:\/\/plocegateway.com.hr\/?page_id=851&lang=en#primaryimage"},"image":{"@id":"https:\/\/plocegateway.com.hr\/?page_id=851&lang=en#primaryimage"},"thumbnailUrl":"http:\/\/plocegateway.com.hr\/wp-content\/uploads\/2026\/04\/logo_nositelj-1024x683.png","datePublished":"2026-04-27T21:41:01+00:00","dateModified":"2026-04-27T21:48:07+00:00","breadcrumb":{"@id":"https:\/\/plocegateway.com.hr\/?page_id=851&lang=en#breadcrumb"},"inLanguage":"hr","potentialAction":[{"@type":"ReadAction","target":["https:\/\/plocegateway.com.hr\/?page_id=851&lang=en"]}]},{"@type":"ImageObject","inLanguage":"hr","@id":"https:\/\/plocegateway.com.hr\/?page_id=851&lang=en#primaryimage","url":"https:\/\/plocegateway.com.hr\/wp-content\/uploads\/2026\/04\/logo_nositelj.png","contentUrl":"https:\/\/plocegateway.com.hr\/wp-content\/uploads\/2026\/04\/logo_nositelj.png","width":1536,"height":1024},{"@type":"BreadcrumbList","@id":"https:\/\/plocegateway.com.hr\/?page_id=851&lang=en#breadcrumb","itemListElement":[{"@type":"ListItem","position":1,"name":"Po\u010detna stranica","item":"https:\/\/plocegateway.com.hr\/"},{"@type":"ListItem","position":2,"name":"\u0106iro &#8211; a look at the history of the railway"}]},{"@type":"WebSite","@id":"https:\/\/plocegateway.com.hr\/#website","url":"https:\/\/plocegateway.com.hr\/","name":"plocegateway.com.hr","description":"Vrata doline Neretve","potentialAction":[{"@type":"SearchAction","target":{"@type":"EntryPoint","urlTemplate":"https:\/\/plocegateway.com.hr\/?s={search_term_string}"},"query-input":{"@type":"PropertyValueSpecification","valueRequired":true,"valueName":"search_term_string"}}],"inLanguage":"hr"}]}},"_links":{"self":[{"href":"https:\/\/plocegateway.com.hr\/index.php?rest_route=\/wp\/v2\/pages\/851","targetHints":{"allow":["GET"]}}],"collection":[{"href":"https:\/\/plocegateway.com.hr\/index.php?rest_route=\/wp\/v2\/pages"}],"about":[{"href":"https:\/\/plocegateway.com.hr\/index.php?rest_route=\/wp\/v2\/types\/page"}],"author":[{"embeddable":true,"href":"https:\/\/plocegateway.com.hr\/index.php?rest_route=\/wp\/v2\/users\/1"}],"replies":[{"embeddable":true,"href":"https:\/\/plocegateway.com.hr\/index.php?rest_route=%2Fwp%2Fv2%2Fcomments&post=851"}],"version-history":[{"count":10,"href":"https:\/\/plocegateway.com.hr\/index.php?rest_route=\/wp\/v2\/pages\/851\/revisions"}],"predecessor-version":[{"id":864,"href":"https:\/\/plocegateway.com.hr\/index.php?rest_route=\/wp\/v2\/pages\/851\/revisions\/864"}],"wp:attachment":[{"href":"https:\/\/plocegateway.com.hr\/index.php?rest_route=%2Fwp%2Fv2%2Fmedia&parent=851"}],"curies":[{"name":"wp","href":"https:\/\/api.w.org\/{rel}","templated":true}]}}